{"id":1796,"date":"2019-05-13T14:29:02","date_gmt":"2019-05-13T14:29:02","guid":{"rendered":"http:\/\/www.elstemporers.com\/?page_id=1796"},"modified":"2024-02-05T10:10:49","modified_gmt":"2024-02-05T10:10:49","slug":"los-avellaneros-apartamentos-terra-alta","status":"publish","type":"page","link":"https:\/\/www.elstemporers.com\/es\/apartamentos-en-la-terra-alta-els-temporers\/los-avellaneros-apartamentos-terra-alta\/","title":{"rendered":"Los Avellaneros"},"content":{"rendered":"\n\t<section class=\"section\" id=\"section_535835325\">\n\t\t<div class=\"bg section-bg fill bg-fill  bg-loaded\" >\n\n\t\t\t\n\t\t\t\n\t\t\t\n\n\t\t<\/div>\n\n\t\t\n\n\t\t<div class=\"section-content relative\">\n\t\t\t\n\n<div class=\"row align-middle align-center\"  id=\"row-968838453\">\n\n\n\t<div id=\"col-145767747\" class=\"col small-12 large-12\"  >\n\t\t\t\t<div class=\"col-inner text-center\"  >\n\t\t\t\n\t\t\t\n\n\t<div class=\"img has-hover x md-x lg-x y md-y lg-y\" id=\"image_165641973\">\n\t\t\t\t\t\t\t\t<div class=\"img-inner dark\" >\n\t\t\t<img loading=\"lazy\" decoding=\"async\" width=\"485\" height=\"176\" src=\"https:\/\/www.elstemporers.com\/wp-content\/uploads\/avellaners.png\" class=\"attachment-large size-large\" alt=\"\" srcset=\"https:\/\/www.elstemporers.com\/wp-content\/uploads\/avellaners.png 485w, https:\/\/www.elstemporers.com\/wp-content\/uploads\/avellaners-300x109.png 300w\" sizes=\"(max-width: 485px) 100vw, 485px\" \/>\t\t\t\t\t\t\n\t\t\t\t\t<\/div>\n\t\t\t\t\t\t\t\t\n<style>\n#image_165641973 {\n  width: 24%;\n}\n<\/style>\n\t<\/div>\n\t\n\n\n\t\t<\/div>\n\t\t\t\t\t<\/div>\n\n\t\n\n\n<style>\n#row-968838453 > .col > .col-inner {\n  padding: 29px 0px 0px 0px;\n}\n<\/style>\n<\/div>\n\n\t\t<\/div>\n\n\t\t\n<style>\n#section_535835325 {\n  padding-top: 30px;\n  padding-bottom: 30px;\n  background-color: rgb(163, 126, 78);\n}\n<\/style>\n\t<\/section>\n\t\n\t<div id=\"gap-76617000\" class=\"gap-element clearfix\" style=\"display:block; height:auto;\">\n\t\t\n<style>\n#gap-76617000 {\n  padding-top: 58px;\n}\n<\/style>\n\t<\/div>\n\t\n\n<div class=\"row\"  id=\"row-1353749633\">\n\n\n\t<div id=\"col-1721281677\" class=\"col medium-8 small-12 large-8\"  >\n\t\t\t\t<div class=\"col-inner\"  >\n\t\t\t\n\t\t\t\n\n<div class=\"video video-fit mb\" style=\"padding-top:56.25%;\"><iframe loading=\"lazy\" width=\"1020\" height=\"574\" src=\"https:\/\/www.youtube.com\/embed\/NenAfas7D4Y?feature=oembed\" frameborder=\"0\" allow=\"accelerometer; autoplay; encrypted-media; gyroscope; picture-in-picture\" allowfullscreen><\/iframe><\/div>\n\n<div class=\"slider-wrapper relative\" id=\"slider-870658916\" >\n    <div class=\"slider slider-nav-circle slider-nav-large slider-nav-light slider-style-normal\"\n        data-flickity-options='{\n            \"cellAlign\": \"center\",\n            \"imagesLoaded\": true,\n            \"lazyLoad\": 1,\n            \"freeScroll\": false,\n            \"wrapAround\": true,\n            \"autoPlay\": 6000,\n            \"pauseAutoPlayOnHover\" : true,\n            \"prevNextButtons\": true,\n            \"contain\" : true,\n            \"adaptiveHeight\" : true,\n            \"dragThreshold\" : 10,\n            \"percentPosition\": true,\n            \"pageDots\": true,\n            \"rightToLeft\": false,\n            \"draggable\": true,\n            \"selectedAttraction\": 0.1,\n            \"parallax\" : 0,\n            \"friction\": 0.6        }'\n        >\n        \n\n\t<div class=\"img has-hover x md-x lg-x y md-y lg-y\" id=\"image_429555442\">\n\t\t\t\t\t\t\t\t<div class=\"img-inner dark\" >\n\t\t\t<img loading=\"lazy\" decoding=\"async\" width=\"690\" height=\"400\" src=\"https:\/\/www.elstemporers.com\/wp-content\/uploads\/a7.jpg\" class=\"attachment-large size-large\" alt=\"\" srcset=\"https:\/\/www.elstemporers.com\/wp-content\/uploads\/a7.jpg 690w, https:\/\/www.elstemporers.com\/wp-content\/uploads\/a7-300x174.jpg 300w\" sizes=\"(max-width: 690px) 100vw, 690px\" \/>\t\t\t\t\t\t\n\t\t\t\t\t<\/div>\n\t\t\t\t\t\t\t\t\n<style>\n#image_429555442 {\n  width: 100%;\n}\n<\/style>\n\t<\/div>\n\t\n\n\t<div class=\"img has-hover x md-x lg-x y md-y lg-y\" id=\"image_503084051\">\n\t\t\t\t\t\t\t\t<div class=\"img-inner dark\" >\n\t\t\t\t\t\t\t\t\t\n\t\t\t\t\t<\/div>\n\t\t\t\t\t\t\t\t\n<style>\n#image_503084051 {\n  width: 100%;\n}\n<\/style>\n\t<\/div>\n\t\n\n\t<div class=\"img has-hover x md-x lg-x y md-y lg-y\" id=\"image_702493663\">\n\t\t\t\t\t\t\t\t<div class=\"img-inner dark\" >\n\t\t\t<img loading=\"lazy\" decoding=\"async\" width=\"690\" height=\"400\" src=\"https:\/\/www.elstemporers.com\/wp-content\/uploads\/a1.jpg\" class=\"attachment-large size-large\" alt=\"\" srcset=\"https:\/\/www.elstemporers.com\/wp-content\/uploads\/a1.jpg 690w, https:\/\/www.elstemporers.com\/wp-content\/uploads\/a1-300x174.jpg 300w\" sizes=\"(max-width: 690px) 100vw, 690px\" \/>\t\t\t\t\t\t\n\t\t\t\t\t<\/div>\n\t\t\t\t\t\t\t\t\n<style>\n#image_702493663 {\n  width: 100%;\n}\n<\/style>\n\t<\/div>\n\t\n\n\t<div class=\"img has-hover x md-x lg-x y md-y lg-y\" id=\"image_1867385337\">\n\t\t\t\t\t\t\t\t<div class=\"img-inner dark\" >\n\t\t\t<img loading=\"lazy\" decoding=\"async\" width=\"690\" height=\"400\" src=\"https:\/\/www.elstemporers.com\/wp-content\/uploads\/a3.jpg\" class=\"attachment-large size-large\" alt=\"\" srcset=\"https:\/\/www.elstemporers.com\/wp-content\/uploads\/a3.jpg 690w, https:\/\/www.elstemporers.com\/wp-content\/uploads\/a3-300x174.jpg 300w\" sizes=\"(max-width: 690px) 100vw, 690px\" \/>\t\t\t\t\t\t\n\t\t\t\t\t<\/div>\n\t\t\t\t\t\t\t\t\n<style>\n#image_1867385337 {\n  width: 100%;\n}\n<\/style>\n\t<\/div>\n\t\n\n\t<div class=\"img has-hover x md-x lg-x y md-y lg-y\" id=\"image_590714863\">\n\t\t\t\t\t\t\t\t<div class=\"img-inner dark\" >\n\t\t\t<img loading=\"lazy\" decoding=\"async\" width=\"690\" height=\"400\" src=\"https:\/\/www.elstemporers.com\/wp-content\/uploads\/a5.jpg\" class=\"attachment-large size-large\" alt=\"\" srcset=\"https:\/\/www.elstemporers.com\/wp-content\/uploads\/a5.jpg 690w, https:\/\/www.elstemporers.com\/wp-content\/uploads\/a5-300x174.jpg 300w\" sizes=\"(max-width: 690px) 100vw, 690px\" \/>\t\t\t\t\t\t\n\t\t\t\t\t<\/div>\n\t\t\t\t\t\t\t\t\n<style>\n#image_590714863 {\n  width: 100%;\n}\n<\/style>\n\t<\/div>\n\t\n\n\t<div class=\"img has-hover x md-x lg-x y md-y lg-y\" id=\"image_1882564556\">\n\t\t\t\t\t\t\t\t<div class=\"img-inner dark\" >\n\t\t\t<img loading=\"lazy\" decoding=\"async\" width=\"690\" height=\"400\" src=\"https:\/\/www.elstemporers.com\/wp-content\/uploads\/a6.jpg\" class=\"attachment-large size-large\" alt=\"\" srcset=\"https:\/\/www.elstemporers.com\/wp-content\/uploads\/a6.jpg 690w, https:\/\/www.elstemporers.com\/wp-content\/uploads\/a6-300x174.jpg 300w\" sizes=\"(max-width: 690px) 100vw, 690px\" \/>\t\t\t\t\t\t\n\t\t\t\t\t<\/div>\n\t\t\t\t\t\t\t\t\n<style>\n#image_1882564556 {\n  width: 100%;\n}\n<\/style>\n\t<\/div>\n\t\n\n\t<div class=\"img has-hover x md-x lg-x y md-y lg-y\" id=\"image_1665927519\">\n\t\t\t\t\t\t\t\t<div class=\"img-inner dark\" >\n\t\t\t<img loading=\"lazy\" decoding=\"async\" width=\"690\" height=\"400\" src=\"https:\/\/www.elstemporers.com\/wp-content\/uploads\/a8.jpg\" class=\"attachment-large size-large\" alt=\"\" srcset=\"https:\/\/www.elstemporers.com\/wp-content\/uploads\/a8.jpg 690w, https:\/\/www.elstemporers.com\/wp-content\/uploads\/a8-300x174.jpg 300w\" sizes=\"(max-width: 690px) 100vw, 690px\" \/>\t\t\t\t\t\t\n\t\t\t\t\t<\/div>\n\t\t\t\t\t\t\t\t\n<style>\n#image_1665927519 {\n  width: 100%;\n}\n<\/style>\n\t<\/div>\n\t\n\n\n     <\/div>\n\n     <div class=\"loading-spin dark large centered\"><\/div>\n\n\t<\/div>\n\n\n\n\t\t<\/div>\n\t\t\t\t\t<\/div>\n\n\t\n\n\t<div id=\"col-1722346034\" class=\"col medium-4 small-12 large-4\"  >\n\t\t\t\t<div class=\"col-inner\"  >\n\t\t\t\n\t\t\t\n\n<h2>Ideal para Familias<\/h2>\n<div class=\"is-divider divider clearfix\" style=\"max-width:477px;\"><\/div>\n\n<p><strong>Capacidat 4 + 2 personas<\/strong><\/p>\n<div class=\"is-divider divider clearfix\" style=\"max-width:477px;\"><\/div>\n\n<p><strong>Dispone de:<\/strong><\/p>\n<ul>\n<li class=\"bullet-arrow\">1 habitaci\u00f3n con cama de matrimonio<\/li>\n<li class=\"bullet-arrow\">1 habitaci\u00f3n con dos literas<\/li>\n<li class=\"bullet-arrow\">1 sof\u00e1 cama<\/li>\n<li class=\"bullet-arrow\">ba\u00f1o<\/li>\n<li class=\"bullet-arrow\">cocina equipada<\/li>\n<\/ul>\n<a href=\"https:\/\/bookonline.pro\/es\/properties\/57558?unidades=1\" target=\"_blank\" class=\"button primary expand\" rel=\"noopener\"  >\n    <span>Reservar<\/span>\n  <\/a>\n\n\n<h2 style=\"text-align: center;\"><span style=\"color: #808000;\"><strong>DESDE 90\u20ac<\/strong><\/span><\/h2>\n<h2>Equipamiento:<\/h2>\n<p><span style=\"font-size: 14.4px;\">Cocina equipada \u00b7 Microondas \u00b7 Utensilios de cocina \u00b7 TV \u00b7 Aire acondicionado \u00b7 Calefacci\u00f3n \u00b7 Ropa de cama \u00b7 Ba\u00f1os reformados con amplio plato de ducha \u00b7 Toallas \u00b7 Lavadora y secadora (compartidas) \u00b7 Trona, cuna y ba\u00f1era para beb\u00e9 (gratis bajo petici\u00f3n) \u00b7 Informaci\u00f3n tur\u00edstica de la comarca.<br \/> <\/span><\/p>\n<h2>Animales:<\/h2>\n<p>Se admiten animales de compa\u00f1\u00eda (bajo demanda).<\/p>\n<h2>Bicicletas:<\/h2>\n<p>El edificio cuenta con un espacio com\u00fan en el interior donde puede guardar las bicicletas.<\/p>\n\n\t\t<\/div>\n\t\t\t\t\t<\/div>\n\n\t\n\n<\/div>\n\t<div id=\"gap-1064424741\" class=\"gap-element clearfix\" style=\"display:block; height:auto;\">\n\t\t\n<style>\n#gap-1064424741 {\n  padding-top: 58px;\n}\n<\/style>\n\t<\/div>\n\t\n\n\n\n\n<p class=\"has-text-align-center\">Descubre la <a href=\"https:\/\/www.elstemporers.com\/es\/entorno-rural\/la-terra-alta-2\/\">Terra Alta<\/a>: <a href=\"https:\/\/www.elstemporers.com\/es\/que-hacer\/via-verde\/\">Via Verde<\/a>, la <a href=\"https:\/\/www.elstemporers.com\/es\/que-hacer\/red-ciclista\/\">xarxa ciclista<\/a>, los <a href=\"https:\/\/www.elstemporers.com\/es\/que-hacer\/espacios-de-la-batalla-del-ebro\/\">Espacios de Batalla del Ebro<\/a>, camina por <a href=\"https:\/\/www.elstemporers.com\/es\/que-hacer\/parque-natural-de-els-ports-dhorta\/\">Els Ports<\/a> o prueba los <a href=\"https:\/\/www.elstemporers.com\/es\/que-hacer\/la-garnacha-y-los-vinos-do-terra-alta\/\">vinos<\/a> y aceites de la comarca con esta oferta escapada rural julio en la <a rel=\"noreferrer noopener\" href=\"http:\/\/terra-alta.org\/?lang=es\" target=\"_blank\">Terra Alta<\/a>.<\/p>\n","protected":false},"excerpt":{"rendered":"<p>Descubre la Terra Alta: Via Verde, la xarxa ciclista, los Espacios de Batalla del Ebro, camina por Els Ports o prueba los vinos y aceites de la comarca con esta oferta escapada rural julio en la Terra Alta.<\/p>\n","protected":false},"author":1,"featured_media":0,"parent":1793,"menu_order":0,"comment_status":"closed","ping_status":"closed","template":"page-blank.php","meta":{"footnotes":""},"yoast_head":"<!-- This site is optimized with the Yoast SEO plugin v21.7 - https:\/\/yoast.com\/wordpress\/plugins\/seo\/ -->\n<title>Los Avellaneros - Els temporers<\/title>\n<meta name=\"description\" content=\"Apartamentos en la comarca de la Terra Alta. Completamente equipados en un entorno \u00fanico, rural de Catalu\u00f1a. Apartamentos de 2 a 6 plazas\" \/>\n<meta name=\"robots\" content=\"index, follow, max-snippet:-1, max-image-preview:large, max-video-preview:-1\" \/>\n<link rel=\"canonical\" href=\"https:\/\/www.elstemporers.com\/es\/apartamentos-en-la-terra-alta-els-temporers\/los-avellaneros-apartamentos-terra-alta\/\" \/>\n<meta property=\"og:locale\" content=\"es_ES\" \/>\n<meta property=\"og:type\" content=\"article\" \/>\n<meta property=\"og:title\" content=\"Los Avellaneros - Els temporers\" \/>\n<meta property=\"og:description\" content=\"Apartamentos en la comarca de la Terra Alta. Completamente equipados en un entorno \u00fanico, rural de Catalu\u00f1a. Apartamentos de 2 a 6 plazas\" \/>\n<meta property=\"og:url\" content=\"https:\/\/www.elstemporers.com\/es\/apartamentos-en-la-terra-alta-els-temporers\/los-avellaneros-apartamentos-terra-alta\/\" \/>\n<meta property=\"og:site_name\" content=\"Els temporers\" \/>\n<meta property=\"article:modified_time\" content=\"2024-02-05T10:10:49+00:00\" \/>\n<meta name=\"twitter:card\" content=\"summary_large_image\" \/>\n<meta name=\"twitter:label1\" content=\"Tiempo de lectura\" \/>\n\t<meta name=\"twitter:data1\" content=\"1 minuto\" \/>\n<script type=\"application\/ld+json\" class=\"yoast-schema-graph\">{\"@context\":\"https:\/\/schema.org\",\"@graph\":[{\"@type\":\"WebPage\",\"@id\":\"https:\/\/www.elstemporers.com\/es\/apartamentos-en-la-terra-alta-els-temporers\/los-avellaneros-apartamentos-terra-alta\/\",\"url\":\"https:\/\/www.elstemporers.com\/es\/apartamentos-en-la-terra-alta-els-temporers\/los-avellaneros-apartamentos-terra-alta\/\",\"name\":\"Los Avellaneros - Els temporers\",\"isPartOf\":{\"@id\":\"https:\/\/www.elstemporers.com\/es\/#website\"},\"datePublished\":\"2019-05-13T14:29:02+00:00\",\"dateModified\":\"2024-02-05T10:10:49+00:00\",\"description\":\"Apartamentos en la comarca de la Terra Alta. Completamente equipados en un entorno \u00fanico, rural de Catalu\u00f1a. Apartamentos de 2 a 6 plazas\",\"breadcrumb\":{\"@id\":\"https:\/\/www.elstemporers.com\/es\/apartamentos-en-la-terra-alta-els-temporers\/los-avellaneros-apartamentos-terra-alta\/#breadcrumb\"},\"inLanguage\":\"es\",\"potentialAction\":[{\"@type\":\"ReadAction\",\"target\":[\"https:\/\/www.elstemporers.com\/es\/apartamentos-en-la-terra-alta-els-temporers\/los-avellaneros-apartamentos-terra-alta\/\"]}]},{\"@type\":\"BreadcrumbList\",\"@id\":\"https:\/\/www.elstemporers.com\/es\/apartamentos-en-la-terra-alta-els-temporers\/los-avellaneros-apartamentos-terra-alta\/#breadcrumb\",\"itemListElement\":[{\"@type\":\"ListItem\",\"position\":1,\"name\":\"Portada\",\"item\":\"https:\/\/www.elstemporers.com\/es\/\"},{\"@type\":\"ListItem\",\"position\":2,\"name\":\"Apartamentos\",\"item\":\"https:\/\/www.elstemporers.com\/es\/apartamentos-en-la-terra-alta-els-temporers\/\"},{\"@type\":\"ListItem\",\"position\":3,\"name\":\"Los Avellaneros\"}]},{\"@type\":\"WebSite\",\"@id\":\"https:\/\/www.elstemporers.com\/es\/#website\",\"url\":\"https:\/\/www.elstemporers.com\/es\/\",\"name\":\"Els temporers\",\"description\":\"Apartaments Rurals Terra Alta Corbera d&#039;Ebre\",\"potentialAction\":[{\"@type\":\"SearchAction\",\"target\":{\"@type\":\"EntryPoint\",\"urlTemplate\":\"https:\/\/www.elstemporers.com\/es\/?s={search_term_string}\"},\"query-input\":\"required name=search_term_string\"}],\"inLanguage\":\"es\"}]}<\/script>\n<!-- \/ Yoast SEO plugin. -->","yoast_head_json":{"title":"Los Avellaneros - Els temporers","description":"Apartamentos en la comarca de la Terra Alta. Completamente equipados en un entorno \u00fanico, rural de Catalu\u00f1a. Apartamentos de 2 a 6 plazas","robots":{"index":"index","follow":"follow","max-snippet":"max-snippet:-1","max-image-preview":"max-image-preview:large","max-video-preview":"max-video-preview:-1"},"canonical":"https:\/\/www.elstemporers.com\/es\/apartamentos-en-la-terra-alta-els-temporers\/los-avellaneros-apartamentos-terra-alta\/","og_locale":"es_ES","og_type":"article","og_title":"Los Avellaneros - Els temporers","og_description":"Apartamentos en la comarca de la Terra Alta. Completamente equipados en un entorno \u00fanico, rural de Catalu\u00f1a. Apartamentos de 2 a 6 plazas","og_url":"https:\/\/www.elstemporers.com\/es\/apartamentos-en-la-terra-alta-els-temporers\/los-avellaneros-apartamentos-terra-alta\/","og_site_name":"Els temporers","article_modified_time":"2024-02-05T10:10:49+00:00","twitter_card":"summary_large_image","twitter_misc":{"Tiempo de lectura":"1 minuto"},"schema":{"@context":"https:\/\/schema.org","@graph":[{"@type":"WebPage","@id":"https:\/\/www.elstemporers.com\/es\/apartamentos-en-la-terra-alta-els-temporers\/los-avellaneros-apartamentos-terra-alta\/","url":"https:\/\/www.elstemporers.com\/es\/apartamentos-en-la-terra-alta-els-temporers\/los-avellaneros-apartamentos-terra-alta\/","name":"Los Avellaneros - Els temporers","isPartOf":{"@id":"https:\/\/www.elstemporers.com\/es\/#website"},"datePublished":"2019-05-13T14:29:02+00:00","dateModified":"2024-02-05T10:10:49+00:00","description":"Apartamentos en la comarca de la Terra Alta. Completamente equipados en un entorno \u00fanico, rural de Catalu\u00f1a. Apartamentos de 2 a 6 plazas","breadcrumb":{"@id":"https:\/\/www.elstemporers.com\/es\/apartamentos-en-la-terra-alta-els-temporers\/los-avellaneros-apartamentos-terra-alta\/#breadcrumb"},"inLanguage":"es","potentialAction":[{"@type":"ReadAction","target":["https:\/\/www.elstemporers.com\/es\/apartamentos-en-la-terra-alta-els-temporers\/los-avellaneros-apartamentos-terra-alta\/"]}]},{"@type":"BreadcrumbList","@id":"https:\/\/www.elstemporers.com\/es\/apartamentos-en-la-terra-alta-els-temporers\/los-avellaneros-apartamentos-terra-alta\/#breadcrumb","itemListElement":[{"@type":"ListItem","position":1,"name":"Portada","item":"https:\/\/www.elstemporers.com\/es\/"},{"@type":"ListItem","position":2,"name":"Apartamentos","item":"https:\/\/www.elstemporers.com\/es\/apartamentos-en-la-terra-alta-els-temporers\/"},{"@type":"ListItem","position":3,"name":"Los Avellaneros"}]},{"@type":"WebSite","@id":"https:\/\/www.elstemporers.com\/es\/#website","url":"https:\/\/www.elstemporers.com\/es\/","name":"Els temporers","description":"Apartaments Rurals Terra Alta Corbera d&#039;Ebre","potentialAction":[{"@type":"SearchAction","target":{"@type":"EntryPoint","urlTemplate":"https:\/\/www.elstemporers.com\/es\/?s={search_term_string}"},"query-input":"required name=search_term_string"}],"inLanguage":"es"}]}},"_links":{"self":[{"href":"https:\/\/www.elstemporers.com\/es\/wp-json\/wp\/v2\/pages\/1796"}],"collection":[{"href":"https:\/\/www.elstemporers.com\/es\/wp-json\/wp\/v2\/pages"}],"about":[{"href":"https:\/\/www.elstemporers.com\/es\/wp-json\/wp\/v2\/types\/page"}],"author":[{"embeddable":true,"href":"https:\/\/www.elstemporers.com\/es\/wp-json\/wp\/v2\/users\/1"}],"replies":[{"embeddable":true,"href":"https:\/\/www.elstemporers.com\/es\/wp-json\/wp\/v2\/comments?post=1796"}],"version-history":[{"count":6,"href":"https:\/\/www.elstemporers.com\/es\/wp-json\/wp\/v2\/pages\/1796\/revisions"}],"predecessor-version":[{"id":3168,"href":"https:\/\/www.elstemporers.com\/es\/wp-json\/wp\/v2\/pages\/1796\/revisions\/3168"}],"up":[{"embeddable":true,"href":"https:\/\/www.elstemporers.com\/es\/wp-json\/wp\/v2\/pages\/1793"}],"wp:attachment":[{"href":"https:\/\/www.elstemporers.com\/es\/wp-json\/wp\/v2\/media?parent=1796"}],"curies":[{"name":"wp","href":"https:\/\/api.w.org\/{rel}","templated":true}]}}