{"id":1815,"date":"2019-05-13T14:35:35","date_gmt":"2019-05-13T14:35:35","guid":{"rendered":"http:\/\/www.elstemporers.com\/?page_id=1815"},"modified":"2020-04-14T15:06:18","modified_gmt":"2020-04-14T15:06:18","slug":"corbera-debre","status":"publish","type":"page","link":"https:\/\/www.elstemporers.com\/es\/entorno-rural\/corbera-debre\/","title":{"rendered":"Corbera d&#8217;Ebre"},"content":{"rendered":"\n\t<section class=\"section has-parallax\" id=\"section_666055114\">\n\t\t<div class=\"bg section-bg fill bg-fill  \" data-parallax-container=\".section\" data-parallax-background data-parallax=\"-7\">\n\n\t\t\t\n\t\t\t<div class=\"section-bg-overlay absolute fill\"><\/div>\n\t\t\t\n\n\t\t<\/div>\n\n\t\t\n\n\t\t<div class=\"section-content relative\">\n\t\t\t\n\n<div class=\"row align-center\"  id=\"row-1375899648\">\n\n\n\t<div id=\"col-1205408616\" class=\"col medium-10 small-12 large-10\"  >\n\t\t\t\t<div class=\"col-inner text-center text-shadow-2 dark\"  >\n\t\t\t\n\t\t\t\n\n<h1 class=\"uppercase\"><span style=\"font-size: 115%;\">Corbera d&#8217;Ebre<\/span><\/h1>\n\n\t\t<\/div>\n\t\t\t\t\t<\/div>\n\n\t\n\n\n<style>\n#row-1375899648 > .col > .col-inner {\n  padding: 50px 0px 0px 0px;\n}\n<\/style>\n<\/div>\n\n\t\t<\/div>\n\n\t\t\n<style>\n#section_666055114 {\n  padding-top: 60px;\n  padding-bottom: 60px;\n  min-height: 300px;\n  background-color: #7A9C59;\n}\n#section_666055114 .section-bg-overlay {\n  background-color: rgba(122, 156, 89, 0.48);\n}\n#section_666055114 .section-bg.bg-loaded {\n  background-image: url(https:\/\/www.elstemporers.com\/wp-content\/uploads\/banner-corbera.jpg);\n}\n#section_666055114 .section-bg {\n  background-position: 0% 23%;\n}\n<\/style>\n\t<\/section>\n\t\n<div class=\"row\"  id=\"row-1422846848\">\n\n\n\t<div id=\"col-1716488083\" class=\"col small-12 large-12\"  >\n\t\t\t\t<div class=\"col-inner\"  >\n\t\t\t\n\t\t\t\n\n<p class=\"p1\"><span style=\"font-size: 110%;\">Corbera d\u2019Ebre es el primer pueblo que nos encontramos de la Terra Alta si venimos por la N340 desde Tarragona o Barcelona, \u200b\u200blo cual explica el cartel que indica \u00abEl Portal de la Terra Alta\u00bb en su entrada.<br>\n<\/span><\/p>\n<p class=\"p1\"><span style=\"font-size: 110%;\">Corbera d\u2019Ebre es conocido y visitado principalmente por su Poble Vell, o sea, los restos de lo que un d\u00eda fue el pueblo, derruido, por la Batalla del Ebre, conocido tambi\u00e9n como \u00abLa Muntera\u00bb.<br>\n<\/span><\/p>\n<p class=\"p1\"><span style=\"font-size: 110%;\">Lo que veremos primero ser\u00e1 la Iglesia Vieja, que qued\u00f3 en pie durante la guerra. Se ha restaurado todo el tejado, para poder conservar el monumento. Esto ha permitido que ahora se puedan llevar a cabo exposiciones, actos diversos, e incluso alguna boda.<br>\n<\/span><\/p>\n<div class=\"row\"  id=\"row-1101817761\">\n\n\n\t<div id=\"col-810652002\" class=\"col medium-6 small-12 large-6\"  >\n\t\t\t\t<div class=\"col-inner\"  >\n\t\t\t\n\t\t\t\n\n<p><span style=\"font-size: 110%;\">Recorriendo el Pueblo Viejo (la entrada tiene un precio simb\u00f3lico de unos 3\u20ac) podremos observar el <strong>Abecedario de la Libertad<\/strong>, una muestra de arte que reivindica la Paz a trav\u00e9s de las 28 letras del abecedario.<\/span><\/p>\n<p><span style=\"font-size: 110%;\">En Corbera d\u2019Ebre encontraremos tambi\u00e9n el <strong>Centro de Interpretaci\u00f3n de la Batalla del Ebre \u00ab115 d\u00edas\u00bb<\/strong>, punto de partida generalmente para el descubrimiento de los Espacios de la Batalla del Ebre, que nos cuenta lo que fueron aquellos 115 d\u00edas de guerra de julio de 1936. Testigos de primera mano, abuelos del pueblo, que a\u00fan hoy recuerdan con l\u00e1grimas en los ojos aquellos d\u00edas tan crueles.<\/span><\/p>\n<p><span style=\"font-size: 110%;\">Ante el Pueblo Viejo se alza la <strong>Serra de Cavalls<\/strong> (y la <strong>Serra de P\u00e0ndols<\/strong> a su derecha), que nos permite practicar senderismo si queremos, en medio de la naturaleza, a trav\u00e9s de sus caminos, hasta la <strong>Punta Redonda<\/strong>.<\/span><\/p>\n<p><span style=\"font-size: 110%;\">Podemos acceder a la Serra de Cavalls desde <strong>Santa Madrona<\/strong>.<\/span><\/p>\n\n\t\t<\/div>\n\t\t\t\t\t<\/div>\n\n\t\n\n\t<div id=\"col-1779133221\" class=\"col medium-6 small-12 large-6\"  >\n\t\t\t\t<div class=\"col-inner\"  >\n\t\t\t\n\t\t\t\n\n\t<div class=\"img has-hover x md-x lg-x y md-y lg-y\" id=\"image_1448693318\">\n\t\t\t\t\t\t\t\t<div class=\"img-inner image-cover dark\" style=\"padding-top:505px;\">\n\t\t\t<img loading=\"lazy\" decoding=\"async\" width=\"1020\" height=\"682\" src=\"https:\/\/www.elstemporers.com\/wp-content\/uploads\/CORBERA-26-1024x685.jpg\" class=\"attachment-large size-large\" alt=\"\" srcset=\"https:\/\/www.elstemporers.com\/wp-content\/uploads\/CORBERA-26-1024x685.jpg 1024w, https:\/\/www.elstemporers.com\/wp-content\/uploads\/CORBERA-26-300x201.jpg 300w, https:\/\/www.elstemporers.com\/wp-content\/uploads\/CORBERA-26-768x513.jpg 768w\" sizes=\"(max-width: 1020px) 100vw, 1020px\" \/>\t\t\t\t\t\t\n\t\t\t\t\t<\/div>\n\t\t\t\t\t\t\t\t\n<style>\n#image_1448693318 {\n  width: 100%;\n}\n<\/style>\n\t<\/div>\n\t\n\n\n\t\t<\/div>\n\t\t\t\t\t<\/div>\n\n\t\n\n<\/div>\n<div class=\"row\"  id=\"row-376287399\">\n\n\n\t<div id=\"col-1060096625\" class=\"col small-12 large-12\"  >\n\t\t\t\t<div class=\"col-inner\"  >\n\t\t\t\n\t\t\t\n\n<p><span style=\"font-size: 110%;\">Santa Madrona es la ermita del pueblo, a unos 2 km (encontraremos el camino s\u00f3lo entrar en el pueblo, desde Tarragona, a la izquierda). All\u00ed podemos iniciar una caminata, un rato de relax, observar la naturaleza, o tambi\u00e9n hacer una cal\u00e7otada o una rostida con amigos, porque tiene mesas y asientos de piedra y fuegos (hay que pedir permiso al Ayuntamiento).<\/span><\/p>\n<p><span style=\"font-size: 110%;\">Con piscina en verano, restaurante, y fiestas como la <strong>Fiesta de la Vendimia<\/strong> en octubre&#8230; seguro que siempre tendremos una buena experiencia aloj\u00e1ndonos en esta acogedora poblaci\u00f3n. \u00a1Qu\u00e9 tengo que decir yo, que he crecido aqu\u00ed!<\/span><\/p>\n<p><span style=\"font-size: 110%;\"><a href=\"http:\/\/www.corbera.altanet.org\/\">http:\/\/www.corbera.altanet.org\/<\/a><\/span><\/p>\n<h3>Tel\u00e9fonos de inter\u00e9s:<\/h3>\n<p><strong>Restaurantes:<\/strong><br>Casal Municipal:&nbsp;Avenida Casal &#8211; 977 42 04 70<br>Lo Rac\u00f3: Passeig Dr. Ferran, 21 &#8211;&nbsp;977 47 70 55<br>Bar Piqu\u00e9: c\/ Terra Alta, 7 &#8211; 977 42 05 01<br>Bar Terra Alta: c\/ Terra Alta, 17 &#8211; 977 42 08 31<\/p>\n<p><strong>Taxi Corbera:<\/strong><br>Miquel 687 50 17 51 (Precio nocturno aproximado Corbera &#8211; Pinell o Gandesa 12-15\u20ac)<\/p>\n<p><strong>Consorci Memorial dels Espais de la Batalla de l&#8217;Ebre:<\/strong><br>Museu d&#8217;hist\u00f2ria a Corbera d&#8217;Ebre: Carrer Freginals, 18-24 &#8211; 977 42 15 28&nbsp; <a href=\"http:\/\/www.batallaebre.org\/\">http:\/\/www.batallaebre.org\/<\/a><\/p>\n\n\t\t<\/div>\n\t\t\t\t\t<\/div>\n\n\t\n\n<\/div>\n\n\t\t<\/div>\n\t\t\t\t\t<\/div>\n\n\t\n\n<\/div>\n\n\n\n<p>Descubre la <a href=\"https:\/\/www.elstemporers.com\/es\/entorno-rural\/la-terra-alta-2\/\">Terra Alta<\/a>: <a href=\"https:\/\/www.elstemporers.com\/es\/que-hacer\/via-verde\/\">Via Verde<\/a>, la <a href=\"https:\/\/www.elstemporers.com\/es\/que-hacer\/red-ciclista\/\">xarxa ciclista<\/a>, los <a href=\"https:\/\/www.elstemporers.com\/es\/que-hacer\/espacios-de-la-batalla-del-ebro\/\">Espacios de Batalla del Ebro<\/a>, camina por <a href=\"https:\/\/www.elstemporers.com\/es\/que-hacer\/parque-natural-de-els-ports-dhorta\/\">Els Ports<\/a> o prueba los <a href=\"https:\/\/www.elstemporers.com\/es\/que-hacer\/la-garnacha-y-los-vinos-do-terra-alta\/\">vinos<\/a> y aceites de la comarca con esta oferta escapada rural julio en la <a rel=\"noreferrer noopener\" href=\"http:\/\/terra-alta.org\/?lang=es\" target=\"_blank\">Terra Alta<\/a>.<\/p>\n","protected":false},"excerpt":{"rendered":"<p>Descubre la Terra Alta: Via Verde, la xarxa ciclista, los Espacios de Batalla del Ebro, camina por Els Ports o prueba los vinos y aceites de la comarca con esta oferta escapada rural julio en la Terra Alta.<\/p>\n","protected":false},"author":1,"featured_media":0,"parent":1817,"menu_order":0,"comment_status":"closed","ping_status":"closed","template":"page-right-sidebar.php","meta":{"footnotes":""},"yoast_head":"<!-- This site is optimized with the Yoast SEO plugin v21.7 - https:\/\/yoast.com\/wordpress\/plugins\/seo\/ -->\n<title>Corbera d&#039;Ebre - Els temporers<\/title>\n<meta name=\"description\" content=\"Corbera d\u2019Ebre es el primer pueblo que nos encontramos de la Terra Alta desde Tarragona o Barcelona. Podr\u00e1s viditar el Poble Vell.\" \/>\n<meta name=\"robots\" content=\"index, follow, max-snippet:-1, max-image-preview:large, max-video-preview:-1\" \/>\n<link rel=\"canonical\" href=\"https:\/\/www.elstemporers.com\/es\/entorno-rural\/corbera-debre\/\" \/>\n<meta property=\"og:locale\" content=\"es_ES\" \/>\n<meta property=\"og:type\" content=\"article\" \/>\n<meta property=\"og:title\" content=\"Corbera d&#039;Ebre - Els temporers\" \/>\n<meta property=\"og:description\" content=\"Corbera d\u2019Ebre es el primer pueblo que nos encontramos de la Terra Alta desde Tarragona o Barcelona. Podr\u00e1s viditar el Poble Vell.\" \/>\n<meta property=\"og:url\" content=\"https:\/\/www.elstemporers.com\/es\/entorno-rural\/corbera-debre\/\" \/>\n<meta property=\"og:site_name\" content=\"Els temporers\" \/>\n<meta property=\"article:modified_time\" content=\"2020-04-14T15:06:18+00:00\" \/>\n<meta name=\"twitter:card\" content=\"summary_large_image\" \/>\n<meta name=\"twitter:label1\" content=\"Tiempo de lectura\" \/>\n\t<meta name=\"twitter:data1\" content=\"3 minutos\" \/>\n<script type=\"application\/ld+json\" class=\"yoast-schema-graph\">{\"@context\":\"https:\/\/schema.org\",\"@graph\":[{\"@type\":\"WebPage\",\"@id\":\"https:\/\/www.elstemporers.com\/es\/entorno-rural\/corbera-debre\/\",\"url\":\"https:\/\/www.elstemporers.com\/es\/entorno-rural\/corbera-debre\/\",\"name\":\"Corbera d'Ebre - Els temporers\",\"isPartOf\":{\"@id\":\"https:\/\/www.elstemporers.com\/es\/#website\"},\"datePublished\":\"2019-05-13T14:35:35+00:00\",\"dateModified\":\"2020-04-14T15:06:18+00:00\",\"description\":\"Corbera d\u2019Ebre es el primer pueblo que nos encontramos de la Terra Alta desde Tarragona o Barcelona. Podr\u00e1s viditar el Poble Vell.\",\"breadcrumb\":{\"@id\":\"https:\/\/www.elstemporers.com\/es\/entorno-rural\/corbera-debre\/#breadcrumb\"},\"inLanguage\":\"es\",\"potentialAction\":[{\"@type\":\"ReadAction\",\"target\":[\"https:\/\/www.elstemporers.com\/es\/entorno-rural\/corbera-debre\/\"]}]},{\"@type\":\"BreadcrumbList\",\"@id\":\"https:\/\/www.elstemporers.com\/es\/entorno-rural\/corbera-debre\/#breadcrumb\",\"itemListElement\":[{\"@type\":\"ListItem\",\"position\":1,\"name\":\"Portada\",\"item\":\"https:\/\/www.elstemporers.com\/es\/\"},{\"@type\":\"ListItem\",\"position\":2,\"name\":\"Entorno Rural\",\"item\":\"https:\/\/www.elstemporers.com\/es\/entorno-rural\/\"},{\"@type\":\"ListItem\",\"position\":3,\"name\":\"Corbera d&#8217;Ebre\"}]},{\"@type\":\"WebSite\",\"@id\":\"https:\/\/www.elstemporers.com\/es\/#website\",\"url\":\"https:\/\/www.elstemporers.com\/es\/\",\"name\":\"Els temporers\",\"description\":\"Apartaments Rurals Terra Alta Corbera d&#039;Ebre\",\"potentialAction\":[{\"@type\":\"SearchAction\",\"target\":{\"@type\":\"EntryPoint\",\"urlTemplate\":\"https:\/\/www.elstemporers.com\/es\/?s={search_term_string}\"},\"query-input\":\"required name=search_term_string\"}],\"inLanguage\":\"es\"}]}<\/script>\n<!-- \/ Yoast SEO plugin. -->","yoast_head_json":{"title":"Corbera d'Ebre - Els temporers","description":"Corbera d\u2019Ebre es el primer pueblo que nos encontramos de la Terra Alta desde Tarragona o Barcelona. Podr\u00e1s viditar el Poble Vell.","robots":{"index":"index","follow":"follow","max-snippet":"max-snippet:-1","max-image-preview":"max-image-preview:large","max-video-preview":"max-video-preview:-1"},"canonical":"https:\/\/www.elstemporers.com\/es\/entorno-rural\/corbera-debre\/","og_locale":"es_ES","og_type":"article","og_title":"Corbera d'Ebre - Els temporers","og_description":"Corbera d\u2019Ebre es el primer pueblo que nos encontramos de la Terra Alta desde Tarragona o Barcelona. Podr\u00e1s viditar el Poble Vell.","og_url":"https:\/\/www.elstemporers.com\/es\/entorno-rural\/corbera-debre\/","og_site_name":"Els temporers","article_modified_time":"2020-04-14T15:06:18+00:00","twitter_card":"summary_large_image","twitter_misc":{"Tiempo de lectura":"3 minutos"},"schema":{"@context":"https:\/\/schema.org","@graph":[{"@type":"WebPage","@id":"https:\/\/www.elstemporers.com\/es\/entorno-rural\/corbera-debre\/","url":"https:\/\/www.elstemporers.com\/es\/entorno-rural\/corbera-debre\/","name":"Corbera d'Ebre - Els temporers","isPartOf":{"@id":"https:\/\/www.elstemporers.com\/es\/#website"},"datePublished":"2019-05-13T14:35:35+00:00","dateModified":"2020-04-14T15:06:18+00:00","description":"Corbera d\u2019Ebre es el primer pueblo que nos encontramos de la Terra Alta desde Tarragona o Barcelona. Podr\u00e1s viditar el Poble Vell.","breadcrumb":{"@id":"https:\/\/www.elstemporers.com\/es\/entorno-rural\/corbera-debre\/#breadcrumb"},"inLanguage":"es","potentialAction":[{"@type":"ReadAction","target":["https:\/\/www.elstemporers.com\/es\/entorno-rural\/corbera-debre\/"]}]},{"@type":"BreadcrumbList","@id":"https:\/\/www.elstemporers.com\/es\/entorno-rural\/corbera-debre\/#breadcrumb","itemListElement":[{"@type":"ListItem","position":1,"name":"Portada","item":"https:\/\/www.elstemporers.com\/es\/"},{"@type":"ListItem","position":2,"name":"Entorno Rural","item":"https:\/\/www.elstemporers.com\/es\/entorno-rural\/"},{"@type":"ListItem","position":3,"name":"Corbera d&#8217;Ebre"}]},{"@type":"WebSite","@id":"https:\/\/www.elstemporers.com\/es\/#website","url":"https:\/\/www.elstemporers.com\/es\/","name":"Els temporers","description":"Apartaments Rurals Terra Alta Corbera d&#039;Ebre","potentialAction":[{"@type":"SearchAction","target":{"@type":"EntryPoint","urlTemplate":"https:\/\/www.elstemporers.com\/es\/?s={search_term_string}"},"query-input":"required name=search_term_string"}],"inLanguage":"es"}]}},"_links":{"self":[{"href":"https:\/\/www.elstemporers.com\/es\/wp-json\/wp\/v2\/pages\/1815"}],"collection":[{"href":"https:\/\/www.elstemporers.com\/es\/wp-json\/wp\/v2\/pages"}],"about":[{"href":"https:\/\/www.elstemporers.com\/es\/wp-json\/wp\/v2\/types\/page"}],"author":[{"embeddable":true,"href":"https:\/\/www.elstemporers.com\/es\/wp-json\/wp\/v2\/users\/1"}],"replies":[{"embeddable":true,"href":"https:\/\/www.elstemporers.com\/es\/wp-json\/wp\/v2\/comments?post=1815"}],"version-history":[{"count":2,"href":"https:\/\/www.elstemporers.com\/es\/wp-json\/wp\/v2\/pages\/1815\/revisions"}],"predecessor-version":[{"id":2438,"href":"https:\/\/www.elstemporers.com\/es\/wp-json\/wp\/v2\/pages\/1815\/revisions\/2438"}],"up":[{"embeddable":true,"href":"https:\/\/www.elstemporers.com\/es\/wp-json\/wp\/v2\/pages\/1817"}],"wp:attachment":[{"href":"https:\/\/www.elstemporers.com\/es\/wp-json\/wp\/v2\/media?parent=1815"}],"curies":[{"name":"wp","href":"https:\/\/api.w.org\/{rel}","templated":true}]}}