{"id":1819,"date":"2019-05-13T14:37:20","date_gmt":"2019-05-13T14:37:20","guid":{"rendered":"http:\/\/www.elstemporers.com\/?page_id=1819"},"modified":"2020-04-14T15:11:51","modified_gmt":"2020-04-14T15:11:51","slug":"espacios-de-la-batalla-del-ebro","status":"publish","type":"page","link":"https:\/\/www.elstemporers.com\/es\/que-hacer\/espacios-de-la-batalla-del-ebro\/","title":{"rendered":"Espacios de la Batalla del Ebro"},"content":{"rendered":"\n\t<section class=\"section has-parallax\" id=\"section_2050669348\">\n\t\t<div class=\"bg section-bg fill bg-fill  \" data-parallax-container=\".section\" data-parallax-background data-parallax=\"-7\">\n\n\t\t\t\n\t\t\t<div class=\"section-bg-overlay absolute fill\"><\/div>\n\t\t\t\n\n\t\t<\/div>\n\n\t\t\n\n\t\t<div class=\"section-content relative\">\n\t\t\t\n\n<div class=\"row align-equal align-center\"  id=\"row-980215776\">\n\n\n\t<div id=\"col-384311448\" class=\"col medium-10 small-12 large-10\"  >\n\t\t\t\t<div class=\"col-inner text-center text-shadow-2 dark\"  >\n\t\t\t\n\t\t\t\n\n<h1 class=\"uppercase\"><span style=\"font-size: 115%;\">ESPACIOS DE LA BATALLA DEL EBRO\n<\/span><\/h1>\n\n\t\t<\/div>\n\t\t\t\t\t<\/div>\n\n\t\n\n\n<style>\n#row-980215776 > .col > .col-inner {\n  padding: 50px 0px 0px 0px;\n}\n<\/style>\n<\/div>\n\n\t\t<\/div>\n\n\t\t\n<style>\n#section_2050669348 {\n  padding-top: 60px;\n  padding-bottom: 60px;\n  min-height: 300px;\n  background-color: #7A9C59;\n}\n#section_2050669348 .section-bg-overlay {\n  background-color: rgba(122, 156, 89, 0.48);\n}\n#section_2050669348 .section-bg.bg-loaded {\n  background-image: url(https:\/\/www.elstemporers.com\/wp-content\/uploads\/batallabanner.jpg);\n}\n#section_2050669348 .section-bg {\n  background-position: 0% 23%;\n}\n<\/style>\n\t<\/section>\n\t\n<div class=\"row\"  id=\"row-1402774108\">\n\n\n\t<div id=\"col-1525340538\" class=\"col medium-6 small-12 large-6\"  >\n\t\t\t\t<div class=\"col-inner\"  >\n\t\t\t\n\t\t\t\n\n<p><span style=\"font-size: 110%;\">La Terra Alta fue escenario de la larga y cruel Batalla del Ebro. En el municipio de Corbera d&#8217;Ebre dej\u00f3 una dura huella de la que queda un impresionante legado.<\/span><\/p>\n<p><span style=\"font-size: 110%;\">A lo largo de la geograf\u00eda de la comarca pod\u00e9is encontrar muchos espacios hist\u00f3ricos para visitar: el Poble Vell de Corbera, el Coll del Moro y la Cota 402, que se mantienen gracias a la tarea del Consorcio por el Memorial de los Espacios de la Batalla del Ebro.<\/span><\/p>\n<p><span style=\"font-size: 110%;\">Este Consorcio tambi\u00e9n se ha encargado de crear y dinamizar toda una red de centros de interpretaci\u00f3n que os ayudar\u00e1n a adentraros en aquel periodo del a\u00f1o 36.<\/span><\/p>\n<p><span style=\"font-size: 110%;\">Corbera cuenta con el Centro de interpretaci\u00f3n 115 d\u00edas.<\/span><\/p>\n\n\t\t<\/div>\n\t\t\t\t\t<\/div>\n\n\t\n\n\t<div id=\"col-689203683\" class=\"col medium-6 small-12 large-6\"  >\n\t\t\t\t<div class=\"col-inner\"  >\n\t\t\t\n\t\t\t\n\n<p><span style=\"font-size: 110%;\">Pod\u00e9is organizaros vuestra ruta por la comarca y visitar los espacios por libre, o bien reservar un gu\u00eda que os acompa\u00f1e y os explique la historia de cada lugar. En temporada alta hay organizadas salidas en grupo con gu\u00eda.<\/span><\/p>\n<p><span style=\"font-size: 110%;\">Algunos de los espacios los pod\u00e9is descubrir tambi\u00e9n a trav\u00e9s otras actividades, como las salidas con cata de vinos a la Cota 402, o las diferentes exposiciones o jornadas que tienen lugar en la Iglesia Vella de Corbera d&#8217;Ebre.<\/span><\/p>\n\n\t\t<\/div>\n\t\t\t\t\t<\/div>\n\n\t\n\n<\/div>\n<div class=\"row\"  id=\"row-983208070\">\n\n\n\t<div id=\"col-2030605393\" class=\"col medium-6 small-12 large-6\"  >\n\t\t\t\t<div class=\"col-inner\"  >\n\t\t\t\n\t\t\t\n\n\t<div class=\"img has-hover x md-x lg-x y md-y lg-y\" id=\"image_808802768\">\n\t\t\t\t\t\t\t\t<div class=\"img-inner dark\" >\n\t\t\t<img loading=\"lazy\" decoding=\"async\" width=\"1020\" height=\"657\" src=\"https:\/\/www.elstemporers.com\/wp-content\/uploads\/batalla2-1024x660.jpg\" class=\"attachment-large size-large\" alt=\"\" srcset=\"https:\/\/www.elstemporers.com\/wp-content\/uploads\/batalla2-1024x660.jpg 1024w, https:\/\/www.elstemporers.com\/wp-content\/uploads\/batalla2-300x193.jpg 300w, https:\/\/www.elstemporers.com\/wp-content\/uploads\/batalla2-768x495.jpg 768w, https:\/\/www.elstemporers.com\/wp-content\/uploads\/batalla2.jpg 1921w\" sizes=\"(max-width: 1020px) 100vw, 1020px\" \/>\t\t\t\t\t\t\n\t\t\t\t\t<\/div>\n\t\t\t\t\t\t\t\t\n<style>\n#image_808802768 {\n  width: 100%;\n}\n<\/style>\n\t<\/div>\n\t\n\n\n\t\t<\/div>\n\t\t\t\t\t<\/div>\n\n\t\n\n\t<div id=\"col-981967571\" class=\"col medium-6 small-12 large-6\"  >\n\t\t\t\t<div class=\"col-inner\"  >\n\t\t\t\n\t\t\t\n\n\t<div class=\"img has-hover x md-x lg-x y md-y lg-y\" id=\"image_430785886\">\n\t\t\t\t\t\t\t\t<div class=\"img-inner dark\" >\n\t\t\t<img loading=\"lazy\" decoding=\"async\" width=\"1020\" height=\"657\" src=\"https:\/\/www.elstemporers.com\/wp-content\/uploads\/batalla1-1024x660.jpg\" class=\"attachment-large size-large\" alt=\"\" srcset=\"https:\/\/www.elstemporers.com\/wp-content\/uploads\/batalla1-1024x660.jpg 1024w, https:\/\/www.elstemporers.com\/wp-content\/uploads\/batalla1-300x193.jpg 300w, https:\/\/www.elstemporers.com\/wp-content\/uploads\/batalla1-768x495.jpg 768w, https:\/\/www.elstemporers.com\/wp-content\/uploads\/batalla1.jpg 1923w\" sizes=\"(max-width: 1020px) 100vw, 1020px\" \/>\t\t\t\t\t\t\n\t\t\t\t\t<\/div>\n\t\t\t\t\t\t\t\t\n<style>\n#image_430785886 {\n  width: 100%;\n}\n<\/style>\n\t<\/div>\n\t\n\n\n\t\t<\/div>\n\t\t\t\t\t<\/div>\n\n\t\n\n<\/div>\n<div class=\"row\"  id=\"row-47162281\">\n\n\n\t<div id=\"col-1315714842\" class=\"col small-12 large-12\"  >\n\t\t\t\t<div class=\"col-inner\"  >\n\t\t\t\n\t\t\t\n\n<p><span style=\"font-size: 110%;\">Todos los espacios:<\/span><\/p>\n<p><span style=\"font-size: 110%;\"><a href=\"http:\/\/www.terra-alta.org\/index.php\/que-fer\/batalla-de-l-ebre\/consorci-memorial-dels-espais-de-la-batalla-de-l-ebre\/espais\">http:\/\/www.terra-alta.org\/index.php\/que-fer\/batalla-de-l-ebre\/consorci-memorial-dels-espais-de-la-batalla-de-l-ebre\/espais<\/a><\/span><\/p>\n<p><span style=\"font-size: 110%;\">Toda la informaci\u00f3n y horarios de los Centros de Interpretaci\u00f3n:<\/span><\/p>\n<p><span style=\"font-size: 110%;\"><a href=\"http:\/\/www.terra-alta.org\/index.php\/que-fer\/batalla-de-l-ebre\/consorci-memorial-dels-espais-de-la-batalla-de-l-ebre\/centres-d-interpretacio\">http:\/\/www.terra-alta.org\/index.php\/que-fer\/batalla-de-l-ebre\/consorci-memorial-dels-espais-de-la-batalla-de-l-ebre\/centres-d-interpretacio<\/a><\/span><\/p>\n<p><span style=\"font-size: 110%;\">Conoce m\u00e1s sobre la Batalla del Ebro: <a href=\"http:\/\/www.batallaebre.org\/\">http:\/\/www.batallaebre.org\/<\/a><\/span><\/p>\n<p><span style=\"font-size: 110%;\">Toda la informaci\u00f3n del Poble Vell: <a href=\"http:\/\/www.poblevell.cat\">http:\/\/www.poblevell.cat<\/a><\/span><\/p>\n\n\t\t<\/div>\n\t\t\t\t\t<\/div>\n\n\t\n\n<\/div>\n\n\n\n<p>Descubre la <a href=\"https:\/\/www.elstemporers.com\/es\/entorno-rural\/la-terra-alta-2\/\">Terra Alta<\/a>: <a href=\"https:\/\/www.elstemporers.com\/es\/que-hacer\/via-verde\/\">Via Verde<\/a>, la <a href=\"https:\/\/www.elstemporers.com\/es\/que-hacer\/red-ciclista\/\">xarxa ciclista<\/a>, los <a href=\"https:\/\/www.elstemporers.com\/es\/que-hacer\/espacios-de-la-batalla-del-ebro\/\">Espacios de Batalla del Ebro<\/a>, camina por <a href=\"https:\/\/www.elstemporers.com\/es\/que-hacer\/parque-natural-de-els-ports-dhorta\/\">Els Ports<\/a> o prueba los <a href=\"https:\/\/www.elstemporers.com\/es\/que-hacer\/la-garnacha-y-los-vinos-do-terra-alta\/\">vinos<\/a> y aceites de la comarca con esta oferta escapada rural julio en la <a rel=\"noreferrer noopener\" href=\"http:\/\/terra-alta.org\/?lang=es\" target=\"_blank\">Terra Alta<\/a>.<\/p>\n","protected":false},"excerpt":{"rendered":"<p>Descubre la Terra Alta: Via Verde, la xarxa ciclista, los Espacios de Batalla del Ebro, camina por Els Ports o prueba los vinos y aceites de la comarca con esta oferta escapada rural julio en la Terra Alta.<\/p>\n","protected":false},"author":1,"featured_media":0,"parent":1837,"menu_order":0,"comment_status":"closed","ping_status":"closed","template":"page-right-sidebar.php","meta":{"footnotes":""},"yoast_head":"<!-- This site is optimized with the Yoast SEO plugin v21.7 - https:\/\/yoast.com\/wordpress\/plugins\/seo\/ -->\n<title>Espacios de la Batalla del Ebro - Els temporers<\/title>\n<meta name=\"description\" content=\"La Terra Alta escenario de la Batalla del Ebro. En el municipio de Corbera d\u2019Ebre dej\u00f3 una dura huella de la que queda un impresionante legado.\" \/>\n<meta name=\"robots\" content=\"index, follow, max-snippet:-1, max-image-preview:large, max-video-preview:-1\" \/>\n<link rel=\"canonical\" href=\"https:\/\/www.elstemporers.com\/es\/que-hacer\/espacios-de-la-batalla-del-ebro\/\" \/>\n<meta property=\"og:locale\" content=\"es_ES\" \/>\n<meta property=\"og:type\" content=\"article\" \/>\n<meta property=\"og:title\" content=\"Espacios de la Batalla del Ebro - Els temporers\" \/>\n<meta property=\"og:description\" content=\"La Terra Alta escenario de la Batalla del Ebro. En el municipio de Corbera d\u2019Ebre dej\u00f3 una dura huella de la que queda un impresionante legado.\" \/>\n<meta property=\"og:url\" content=\"https:\/\/www.elstemporers.com\/es\/que-hacer\/espacios-de-la-batalla-del-ebro\/\" \/>\n<meta property=\"og:site_name\" content=\"Els temporers\" \/>\n<meta property=\"article:modified_time\" content=\"2020-04-14T15:11:51+00:00\" \/>\n<meta name=\"twitter:card\" content=\"summary_large_image\" \/>\n<meta name=\"twitter:label1\" content=\"Tiempo de lectura\" \/>\n\t<meta name=\"twitter:data1\" content=\"2 minutos\" \/>\n<script type=\"application\/ld+json\" class=\"yoast-schema-graph\">{\"@context\":\"https:\/\/schema.org\",\"@graph\":[{\"@type\":\"WebPage\",\"@id\":\"https:\/\/www.elstemporers.com\/es\/que-hacer\/espacios-de-la-batalla-del-ebro\/\",\"url\":\"https:\/\/www.elstemporers.com\/es\/que-hacer\/espacios-de-la-batalla-del-ebro\/\",\"name\":\"Espacios de la Batalla del Ebro - Els temporers\",\"isPartOf\":{\"@id\":\"https:\/\/www.elstemporers.com\/es\/#website\"},\"datePublished\":\"2019-05-13T14:37:20+00:00\",\"dateModified\":\"2020-04-14T15:11:51+00:00\",\"description\":\"La Terra Alta escenario de la Batalla del Ebro. En el municipio de Corbera d\u2019Ebre dej\u00f3 una dura huella de la que queda un impresionante legado.\",\"breadcrumb\":{\"@id\":\"https:\/\/www.elstemporers.com\/es\/que-hacer\/espacios-de-la-batalla-del-ebro\/#breadcrumb\"},\"inLanguage\":\"es\",\"potentialAction\":[{\"@type\":\"ReadAction\",\"target\":[\"https:\/\/www.elstemporers.com\/es\/que-hacer\/espacios-de-la-batalla-del-ebro\/\"]}]},{\"@type\":\"BreadcrumbList\",\"@id\":\"https:\/\/www.elstemporers.com\/es\/que-hacer\/espacios-de-la-batalla-del-ebro\/#breadcrumb\",\"itemListElement\":[{\"@type\":\"ListItem\",\"position\":1,\"name\":\"Portada\",\"item\":\"https:\/\/www.elstemporers.com\/es\/\"},{\"@type\":\"ListItem\",\"position\":2,\"name\":\"Qu\u00e9 hacer\",\"item\":\"https:\/\/www.elstemporers.com\/es\/que-hacer\/\"},{\"@type\":\"ListItem\",\"position\":3,\"name\":\"Espacios de la Batalla del Ebro\"}]},{\"@type\":\"WebSite\",\"@id\":\"https:\/\/www.elstemporers.com\/es\/#website\",\"url\":\"https:\/\/www.elstemporers.com\/es\/\",\"name\":\"Els temporers\",\"description\":\"Apartaments Rurals Terra Alta Corbera d&#039;Ebre\",\"potentialAction\":[{\"@type\":\"SearchAction\",\"target\":{\"@type\":\"EntryPoint\",\"urlTemplate\":\"https:\/\/www.elstemporers.com\/es\/?s={search_term_string}\"},\"query-input\":\"required name=search_term_string\"}],\"inLanguage\":\"es\"}]}<\/script>\n<!-- \/ Yoast SEO plugin. -->","yoast_head_json":{"title":"Espacios de la Batalla del Ebro - Els temporers","description":"La Terra Alta escenario de la Batalla del Ebro. En el municipio de Corbera d\u2019Ebre dej\u00f3 una dura huella de la que queda un impresionante legado.","robots":{"index":"index","follow":"follow","max-snippet":"max-snippet:-1","max-image-preview":"max-image-preview:large","max-video-preview":"max-video-preview:-1"},"canonical":"https:\/\/www.elstemporers.com\/es\/que-hacer\/espacios-de-la-batalla-del-ebro\/","og_locale":"es_ES","og_type":"article","og_title":"Espacios de la Batalla del Ebro - Els temporers","og_description":"La Terra Alta escenario de la Batalla del Ebro. En el municipio de Corbera d\u2019Ebre dej\u00f3 una dura huella de la que queda un impresionante legado.","og_url":"https:\/\/www.elstemporers.com\/es\/que-hacer\/espacios-de-la-batalla-del-ebro\/","og_site_name":"Els temporers","article_modified_time":"2020-04-14T15:11:51+00:00","twitter_card":"summary_large_image","twitter_misc":{"Tiempo de lectura":"2 minutos"},"schema":{"@context":"https:\/\/schema.org","@graph":[{"@type":"WebPage","@id":"https:\/\/www.elstemporers.com\/es\/que-hacer\/espacios-de-la-batalla-del-ebro\/","url":"https:\/\/www.elstemporers.com\/es\/que-hacer\/espacios-de-la-batalla-del-ebro\/","name":"Espacios de la Batalla del Ebro - Els temporers","isPartOf":{"@id":"https:\/\/www.elstemporers.com\/es\/#website"},"datePublished":"2019-05-13T14:37:20+00:00","dateModified":"2020-04-14T15:11:51+00:00","description":"La Terra Alta escenario de la Batalla del Ebro. En el municipio de Corbera d\u2019Ebre dej\u00f3 una dura huella de la que queda un impresionante legado.","breadcrumb":{"@id":"https:\/\/www.elstemporers.com\/es\/que-hacer\/espacios-de-la-batalla-del-ebro\/#breadcrumb"},"inLanguage":"es","potentialAction":[{"@type":"ReadAction","target":["https:\/\/www.elstemporers.com\/es\/que-hacer\/espacios-de-la-batalla-del-ebro\/"]}]},{"@type":"BreadcrumbList","@id":"https:\/\/www.elstemporers.com\/es\/que-hacer\/espacios-de-la-batalla-del-ebro\/#breadcrumb","itemListElement":[{"@type":"ListItem","position":1,"name":"Portada","item":"https:\/\/www.elstemporers.com\/es\/"},{"@type":"ListItem","position":2,"name":"Qu\u00e9 hacer","item":"https:\/\/www.elstemporers.com\/es\/que-hacer\/"},{"@type":"ListItem","position":3,"name":"Espacios de la Batalla del Ebro"}]},{"@type":"WebSite","@id":"https:\/\/www.elstemporers.com\/es\/#website","url":"https:\/\/www.elstemporers.com\/es\/","name":"Els temporers","description":"Apartaments Rurals Terra Alta Corbera d&#039;Ebre","potentialAction":[{"@type":"SearchAction","target":{"@type":"EntryPoint","urlTemplate":"https:\/\/www.elstemporers.com\/es\/?s={search_term_string}"},"query-input":"required name=search_term_string"}],"inLanguage":"es"}]}},"_links":{"self":[{"href":"https:\/\/www.elstemporers.com\/es\/wp-json\/wp\/v2\/pages\/1819"}],"collection":[{"href":"https:\/\/www.elstemporers.com\/es\/wp-json\/wp\/v2\/pages"}],"about":[{"href":"https:\/\/www.elstemporers.com\/es\/wp-json\/wp\/v2\/types\/page"}],"author":[{"embeddable":true,"href":"https:\/\/www.elstemporers.com\/es\/wp-json\/wp\/v2\/users\/1"}],"replies":[{"embeddable":true,"href":"https:\/\/www.elstemporers.com\/es\/wp-json\/wp\/v2\/comments?post=1819"}],"version-history":[{"count":2,"href":"https:\/\/www.elstemporers.com\/es\/wp-json\/wp\/v2\/pages\/1819\/revisions"}],"predecessor-version":[{"id":2450,"href":"https:\/\/www.elstemporers.com\/es\/wp-json\/wp\/v2\/pages\/1819\/revisions\/2450"}],"up":[{"embeddable":true,"href":"https:\/\/www.elstemporers.com\/es\/wp-json\/wp\/v2\/pages\/1837"}],"wp:attachment":[{"href":"https:\/\/www.elstemporers.com\/es\/wp-json\/wp\/v2\/media?parent=1819"}],"curies":[{"name":"wp","href":"https:\/\/api.w.org\/{rel}","templated":true}]}}