{"id":1822,"date":"2019-05-13T14:39:03","date_gmt":"2019-05-13T14:39:03","guid":{"rendered":"http:\/\/www.elstemporers.com\/?page_id=1822"},"modified":"2020-04-14T15:07:18","modified_gmt":"2020-04-14T15:07:18","slug":"horta-de-san-juan","status":"publish","type":"page","link":"https:\/\/www.elstemporers.com\/es\/entorno-rural\/horta-de-san-juan\/","title":{"rendered":"Horta de San Juan"},"content":{"rendered":"\n\t<section class=\"section has-parallax\" id=\"section_2030085052\">\n\t\t<div class=\"bg section-bg fill bg-fill  \" data-parallax-container=\".section\" data-parallax-background data-parallax=\"-7\">\n\n\t\t\t\n\t\t\t<div class=\"section-bg-overlay absolute fill\"><\/div>\n\t\t\t\n\n\t\t<\/div>\n\n\t\t\n\n\t\t<div class=\"section-content relative\">\n\t\t\t\n\n<div class=\"row align-center\"  id=\"row-863946538\">\n\n\n\t<div id=\"col-1761300876\" class=\"col medium-10 small-12 large-10\"  >\n\t\t\t\t<div class=\"col-inner text-center text-shadow-2 dark\"  >\n\t\t\t\n\t\t\t\n\n<h1 class=\"uppercase\"><span style=\"font-size: 115%;\">HORTA DE SANT JOAN i PICASSO<\/span><\/h1>\n\n\t\t<\/div>\n\t\t\t\t\t<\/div>\n\n\t\n\n\n<style>\n#row-863946538 > .col > .col-inner {\n  padding: 50px 0px 0px 0px;\n}\n<\/style>\n<\/div>\n\n\t\t<\/div>\n\n\t\t\n<style>\n#section_2030085052 {\n  padding-top: 60px;\n  padding-bottom: 60px;\n  min-height: 300px;\n  background-color: #7A9C59;\n}\n#section_2030085052 .section-bg-overlay {\n  background-color: rgba(122, 156, 89, 0.48);\n}\n#section_2030085052 .section-bg.bg-loaded {\n  background-image: url(https:\/\/www.elstemporers.com\/wp-content\/uploads\/banner_horta.jpg);\n}\n#section_2030085052 .section-bg {\n  background-position: 0% 23%;\n}\n<\/style>\n\t<\/section>\n\t\n<div class=\"row\"  id=\"row-879836198\">\n\n\n\t<div id=\"col-1907881591\" class=\"col small-12 large-12\"  >\n\t\t\t\t<div class=\"col-inner\"  >\n\t\t\t\n\t\t\t\n\n<p><span style=\"font-size: 110%;\"><strong>Horta de Sant Joan<\/strong> es un pueblo medieval situado en el <strong>Parque Natural de Els Ports<\/strong>. El pueblo fue declarado Bien Cultural de Inter\u00e9s Nacional por su Conjunto Hist\u00f3rico y Art\u00edstico. Destacan la iglesia rom\u00e1nica-g\u00f3tica (siglo XII), sus calles estrechas y empinadas, el Museo Picasso, el Ecomuseo de Els Ports, la antigua c\u00e1rcel, y \u00abLo Parot\u00bb, un olivo declarada \u00e1rbol monumental por su antig\u00fcedad bimilenaria.<\/span><\/p>\n<p><span style=\"font-size: 110%;\">Horta de Sant Joan es conocido dentro y fuera de Catalu\u00f1a tambi\u00e9n por la famosa frase de <strong>Picasso<\/strong>: \u00abTodo lo que s\u00e9 lo he aprendido en Horta\u00bb.<\/span><\/p>\n<div class=\"row\"  id=\"row-660377055\">\n\n\n\t<div id=\"col-1624870512\" class=\"col medium-6 small-12 large-6\"  >\n\t\t\t\t<div class=\"col-inner\"  >\n\t\t\t\n\t\t\t\n\n<p><span style=\"font-size: 110%;\">En el edificio del antiguo hospital encontraremos el Centro Picasso, que recoge la reproducci\u00f3n facs\u00edmil de las obras que el artista pint\u00f3 en sus dos estancias que hizo a la poblaci\u00f3n: 1898-99 y 1909.<\/span><\/p>\n<p><span style=\"font-size: 110%;\">El municipio de Horta, con su centro hist\u00f3rico medieval y el magn\u00edfico paisaje que la rodea, con <strong>Els Ports<\/strong> y la <strong>monta\u00f1a de Santa B\u00e1rbara<\/strong>, es toda una experiencia que no te puedes perder si visitas la Terra Alta.<\/span><\/p>\n<p><span style=\"font-size: 110%;\">La Plaza de la Iglesia es un conjunto arquitect\u00f3nico espectacular, con sus porches, el Ayuntamiento Renacentista del s. XVI o la Iglesia Parroquial de San Juan Bautista.<\/span><\/p>\n<p><span style=\"font-size: 110%;\">Y fuera, en la naturaleza, el Parque Natural de Els Ports, con las Rocas de Benet en medio, icono de Horta de Sant Joan, que ofrece un paisaje de gran belleza y espectacularidad.<\/span><\/p>\n<p><span style=\"font-size: 110%;\"><a href=\"http:\/\/www.hortadesantjoan.cat\/\">http:\/\/www.hortadesantjoan.cat\/<\/a><\/span><\/p>\n\n\t\t<\/div>\n\t\t\t\t\t<\/div>\n\n\t\n\n\t<div id=\"col-1427426641\" class=\"col medium-6 small-12 large-6\"  >\n\t\t\t\t<div class=\"col-inner\"  >\n\t\t\t\n\t\t\t\n\n\t<div class=\"img has-hover x md-x lg-x y md-y lg-y\" id=\"image_1105437881\">\n\t\t\t\t\t\t\t\t<div class=\"img-inner image-cover dark\" style=\"padding-top:505px;\">\n\t\t\t<img loading=\"lazy\" decoding=\"async\" width=\"737\" height=\"1024\" src=\"https:\/\/www.elstemporers.com\/wp-content\/uploads\/picasso-737x1024.jpg\" class=\"attachment-large size-large\" alt=\"\" srcset=\"https:\/\/www.elstemporers.com\/wp-content\/uploads\/picasso-737x1024.jpg 737w, https:\/\/www.elstemporers.com\/wp-content\/uploads\/picasso-216x300.jpg 216w, https:\/\/www.elstemporers.com\/wp-content\/uploads\/picasso-768x1068.jpg 768w, https:\/\/www.elstemporers.com\/wp-content\/uploads\/picasso.jpg 800w\" sizes=\"(max-width: 737px) 100vw, 737px\" \/>\t\t\t\t\t\t\n\t\t\t\t\t<\/div>\n\t\t\t\t\t\t\t\t\n<style>\n#image_1105437881 {\n  width: 100%;\n}\n<\/style>\n\t<\/div>\n\t\n\n\n\t\t<\/div>\n\t\t\t\t\t<\/div>\n\n\t\n\n<\/div>\n\n\t\t<\/div>\n\t\t\t\t\t<\/div>\n\n\t\n\n<\/div>\n\n\n\n<p>Descubre la <a href=\"https:\/\/www.elstemporers.com\/es\/entorno-rural\/la-terra-alta-2\/\">Terra Alta<\/a>: <a href=\"https:\/\/www.elstemporers.com\/es\/que-hacer\/via-verde\/\">Via Verde<\/a>, la <a href=\"https:\/\/www.elstemporers.com\/es\/que-hacer\/red-ciclista\/\">xarxa ciclista<\/a>, los <a href=\"https:\/\/www.elstemporers.com\/es\/que-hacer\/espacios-de-la-batalla-del-ebro\/\">Espacios de Batalla del Ebro<\/a>, camina por <a href=\"https:\/\/www.elstemporers.com\/es\/que-hacer\/parque-natural-de-els-ports-dhorta\/\">Els Ports<\/a> o prueba los <a href=\"https:\/\/www.elstemporers.com\/es\/que-hacer\/la-garnacha-y-los-vinos-do-terra-alta\/\">vinos<\/a> y aceites de la comarca con esta oferta escapada rural julio en la <a rel=\"noreferrer noopener\" href=\"http:\/\/terra-alta.org\/?lang=es\" target=\"_blank\">Terra Alta<\/a>.<\/p>\n","protected":false},"excerpt":{"rendered":"<p>Descubre la Terra Alta: Via Verde, la xarxa ciclista, los Espacios de Batalla del Ebro, camina por Els Ports o prueba los vinos y aceites de la comarca con esta oferta escapada rural julio en la Terra Alta.<\/p>\n","protected":false},"author":1,"featured_media":0,"parent":1817,"menu_order":0,"comment_status":"closed","ping_status":"closed","template":"page-right-sidebar.php","meta":{"footnotes":""},"yoast_head":"<!-- This site is optimized with the Yoast SEO plugin v21.7 - https:\/\/yoast.com\/wordpress\/plugins\/seo\/ -->\n<title>Horta de San Juan - Els temporers<\/title>\n<meta name=\"description\" content=\"Horta de Sant Joan pueblo medieval situado en el Parque Natural de Els Ports. Declarado Bien Cultural de Inter\u00e9s Nacional - Conjunto Hist\u00f3rico y Art\u00edstico.\" \/>\n<meta name=\"robots\" content=\"index, follow, max-snippet:-1, max-image-preview:large, max-video-preview:-1\" \/>\n<link rel=\"canonical\" href=\"https:\/\/www.elstemporers.com\/es\/entorno-rural\/horta-de-san-juan\/\" \/>\n<meta property=\"og:locale\" content=\"es_ES\" \/>\n<meta property=\"og:type\" content=\"article\" \/>\n<meta property=\"og:title\" content=\"Horta de San Juan - Els temporers\" \/>\n<meta property=\"og:description\" content=\"Horta de Sant Joan pueblo medieval situado en el Parque Natural de Els Ports. Declarado Bien Cultural de Inter\u00e9s Nacional - Conjunto Hist\u00f3rico y Art\u00edstico.\" \/>\n<meta property=\"og:url\" content=\"https:\/\/www.elstemporers.com\/es\/entorno-rural\/horta-de-san-juan\/\" \/>\n<meta property=\"og:site_name\" content=\"Els temporers\" \/>\n<meta property=\"article:modified_time\" content=\"2020-04-14T15:07:18+00:00\" \/>\n<meta name=\"twitter:card\" content=\"summary_large_image\" \/>\n<meta name=\"twitter:label1\" content=\"Tiempo de lectura\" \/>\n\t<meta name=\"twitter:data1\" content=\"2 minutos\" \/>\n<script type=\"application\/ld+json\" class=\"yoast-schema-graph\">{\"@context\":\"https:\/\/schema.org\",\"@graph\":[{\"@type\":\"WebPage\",\"@id\":\"https:\/\/www.elstemporers.com\/es\/entorno-rural\/horta-de-san-juan\/\",\"url\":\"https:\/\/www.elstemporers.com\/es\/entorno-rural\/horta-de-san-juan\/\",\"name\":\"Horta de San Juan - Els temporers\",\"isPartOf\":{\"@id\":\"https:\/\/www.elstemporers.com\/es\/#website\"},\"datePublished\":\"2019-05-13T14:39:03+00:00\",\"dateModified\":\"2020-04-14T15:07:18+00:00\",\"description\":\"Horta de Sant Joan pueblo medieval situado en el Parque Natural de Els Ports. Declarado Bien Cultural de Inter\u00e9s Nacional - Conjunto Hist\u00f3rico y Art\u00edstico.\",\"breadcrumb\":{\"@id\":\"https:\/\/www.elstemporers.com\/es\/entorno-rural\/horta-de-san-juan\/#breadcrumb\"},\"inLanguage\":\"es\",\"potentialAction\":[{\"@type\":\"ReadAction\",\"target\":[\"https:\/\/www.elstemporers.com\/es\/entorno-rural\/horta-de-san-juan\/\"]}]},{\"@type\":\"BreadcrumbList\",\"@id\":\"https:\/\/www.elstemporers.com\/es\/entorno-rural\/horta-de-san-juan\/#breadcrumb\",\"itemListElement\":[{\"@type\":\"ListItem\",\"position\":1,\"name\":\"Portada\",\"item\":\"https:\/\/www.elstemporers.com\/es\/\"},{\"@type\":\"ListItem\",\"position\":2,\"name\":\"Entorno Rural\",\"item\":\"https:\/\/www.elstemporers.com\/es\/entorno-rural\/\"},{\"@type\":\"ListItem\",\"position\":3,\"name\":\"Horta de San Juan\"}]},{\"@type\":\"WebSite\",\"@id\":\"https:\/\/www.elstemporers.com\/es\/#website\",\"url\":\"https:\/\/www.elstemporers.com\/es\/\",\"name\":\"Els temporers\",\"description\":\"Apartaments Rurals Terra Alta Corbera d&#039;Ebre\",\"potentialAction\":[{\"@type\":\"SearchAction\",\"target\":{\"@type\":\"EntryPoint\",\"urlTemplate\":\"https:\/\/www.elstemporers.com\/es\/?s={search_term_string}\"},\"query-input\":\"required name=search_term_string\"}],\"inLanguage\":\"es\"}]}<\/script>\n<!-- \/ Yoast SEO plugin. -->","yoast_head_json":{"title":"Horta de San Juan - Els temporers","description":"Horta de Sant Joan pueblo medieval situado en el Parque Natural de Els Ports. Declarado Bien Cultural de Inter\u00e9s Nacional - Conjunto Hist\u00f3rico y Art\u00edstico.","robots":{"index":"index","follow":"follow","max-snippet":"max-snippet:-1","max-image-preview":"max-image-preview:large","max-video-preview":"max-video-preview:-1"},"canonical":"https:\/\/www.elstemporers.com\/es\/entorno-rural\/horta-de-san-juan\/","og_locale":"es_ES","og_type":"article","og_title":"Horta de San Juan - Els temporers","og_description":"Horta de Sant Joan pueblo medieval situado en el Parque Natural de Els Ports. Declarado Bien Cultural de Inter\u00e9s Nacional - Conjunto Hist\u00f3rico y Art\u00edstico.","og_url":"https:\/\/www.elstemporers.com\/es\/entorno-rural\/horta-de-san-juan\/","og_site_name":"Els temporers","article_modified_time":"2020-04-14T15:07:18+00:00","twitter_card":"summary_large_image","twitter_misc":{"Tiempo de lectura":"2 minutos"},"schema":{"@context":"https:\/\/schema.org","@graph":[{"@type":"WebPage","@id":"https:\/\/www.elstemporers.com\/es\/entorno-rural\/horta-de-san-juan\/","url":"https:\/\/www.elstemporers.com\/es\/entorno-rural\/horta-de-san-juan\/","name":"Horta de San Juan - Els temporers","isPartOf":{"@id":"https:\/\/www.elstemporers.com\/es\/#website"},"datePublished":"2019-05-13T14:39:03+00:00","dateModified":"2020-04-14T15:07:18+00:00","description":"Horta de Sant Joan pueblo medieval situado en el Parque Natural de Els Ports. Declarado Bien Cultural de Inter\u00e9s Nacional - Conjunto Hist\u00f3rico y Art\u00edstico.","breadcrumb":{"@id":"https:\/\/www.elstemporers.com\/es\/entorno-rural\/horta-de-san-juan\/#breadcrumb"},"inLanguage":"es","potentialAction":[{"@type":"ReadAction","target":["https:\/\/www.elstemporers.com\/es\/entorno-rural\/horta-de-san-juan\/"]}]},{"@type":"BreadcrumbList","@id":"https:\/\/www.elstemporers.com\/es\/entorno-rural\/horta-de-san-juan\/#breadcrumb","itemListElement":[{"@type":"ListItem","position":1,"name":"Portada","item":"https:\/\/www.elstemporers.com\/es\/"},{"@type":"ListItem","position":2,"name":"Entorno Rural","item":"https:\/\/www.elstemporers.com\/es\/entorno-rural\/"},{"@type":"ListItem","position":3,"name":"Horta de San Juan"}]},{"@type":"WebSite","@id":"https:\/\/www.elstemporers.com\/es\/#website","url":"https:\/\/www.elstemporers.com\/es\/","name":"Els temporers","description":"Apartaments Rurals Terra Alta Corbera d&#039;Ebre","potentialAction":[{"@type":"SearchAction","target":{"@type":"EntryPoint","urlTemplate":"https:\/\/www.elstemporers.com\/es\/?s={search_term_string}"},"query-input":"required name=search_term_string"}],"inLanguage":"es"}]}},"_links":{"self":[{"href":"https:\/\/www.elstemporers.com\/es\/wp-json\/wp\/v2\/pages\/1822"}],"collection":[{"href":"https:\/\/www.elstemporers.com\/es\/wp-json\/wp\/v2\/pages"}],"about":[{"href":"https:\/\/www.elstemporers.com\/es\/wp-json\/wp\/v2\/types\/page"}],"author":[{"embeddable":true,"href":"https:\/\/www.elstemporers.com\/es\/wp-json\/wp\/v2\/users\/1"}],"replies":[{"embeddable":true,"href":"https:\/\/www.elstemporers.com\/es\/wp-json\/wp\/v2\/comments?post=1822"}],"version-history":[{"count":2,"href":"https:\/\/www.elstemporers.com\/es\/wp-json\/wp\/v2\/pages\/1822\/revisions"}],"predecessor-version":[{"id":2439,"href":"https:\/\/www.elstemporers.com\/es\/wp-json\/wp\/v2\/pages\/1822\/revisions\/2439"}],"up":[{"embeddable":true,"href":"https:\/\/www.elstemporers.com\/es\/wp-json\/wp\/v2\/pages\/1817"}],"wp:attachment":[{"href":"https:\/\/www.elstemporers.com\/es\/wp-json\/wp\/v2\/media?parent=1822"}],"curies":[{"name":"wp","href":"https:\/\/api.w.org\/{rel}","templated":true}]}}