{"id":1839,"date":"2019-05-13T14:48:22","date_gmt":"2019-05-13T14:48:22","guid":{"rendered":"http:\/\/www.elstemporers.com\/?page_id=1839"},"modified":"2020-04-14T15:30:08","modified_gmt":"2020-04-14T15:30:08","slug":"quienes-somos-2","status":"publish","type":"page","link":"https:\/\/www.elstemporers.com\/es\/quienes-somos-2\/","title":{"rendered":"Qui\u00e9nes somos"},"content":{"rendered":"\n\t<section class=\"section\" id=\"section_1319279029\">\n\t\t<div class=\"bg section-bg fill bg-fill  bg-loaded\" >\n\n\t\t\t\n\t\t\t\n\t\t\t\n\n\t\t<\/div>\n\n\t\t\n\n\t\t<div class=\"section-content relative\">\n\t\t\t\n\n\t<div id=\"gap-267009420\" class=\"gap-element clearfix\" style=\"display:block; height:auto;\">\n\t\t\n<style>\n#gap-267009420 {\n  padding-top: 38px;\n}\n<\/style>\n\t<\/div>\n\t\n\n<div class=\"row\"  id=\"row-1593113211\">\n\n\n\t<div id=\"col-664281473\" class=\"col medium-7 small-12 large-7\"  >\n\t\t\t\t<div class=\"col-inner text-center\"  >\n\t\t\t\n\t\t\t\n\n\t<div class=\"img has-hover x md-x lg-x y md-y lg-y\" id=\"image_841418170\">\n\t\t\t\t\t\t\t\t<div class=\"img-inner image-cover dark\" style=\"padding-top:600px;\">\n\t\t\t<img loading=\"lazy\" decoding=\"async\" width=\"1020\" height=\"765\" src=\"https:\/\/www.elstemporers.com\/wp-content\/uploads\/quim_i_anna_qui_som-1024x768.jpg\" class=\"attachment-large size-large\" alt=\"\" srcset=\"https:\/\/www.elstemporers.com\/wp-content\/uploads\/quim_i_anna_qui_som-1024x768.jpg 1024w, https:\/\/www.elstemporers.com\/wp-content\/uploads\/quim_i_anna_qui_som-300x225.jpg 300w, https:\/\/www.elstemporers.com\/wp-content\/uploads\/quim_i_anna_qui_som-768x576.jpg 768w\" sizes=\"(max-width: 1020px) 100vw, 1020px\" \/>\t\t\t\t\t\t\n\t\t\t\t\t<\/div>\n\t\t\t\t\t\t\t\t\n<style>\n#image_841418170 {\n  width: 100%;\n}\n<\/style>\n\t<\/div>\n\t\n\n\n\t\t<\/div>\n\t\t\t\t\t<\/div>\n\n\t\n\n\t<div id=\"col-750627365\" class=\"col medium-5 small-12 large-5\"  >\n\t\t\t\t<div class=\"col-inner\"  >\n\t\t\t\n\t\t\t\n\n<h2 class=\"uppercase\"><span style=\"color: #303030;\">Hola, somos Anna y Quim<\/span><\/h2>\n<p><span style=\"font-size: 110%;\">Seremos los encargados de acompa\u00f1aros en el descubrimiento de una tierra muy especial, rural, tranquila, que enamora, que sorprende,&#8230; \u00a1la <a href=\"https:\/\/www.elstemporers.com\/es\/entorno-rural\/la-terra-alta-2\/\">Terra Alta<\/a>!<\/span><\/p>\n<p><span style=\"font-size: 110%;\">Y lo haremos desde un punto muy concreto de la comarca, desde unos apartamentos ubicados en <a href=\"https:\/\/www.elstemporers.com\/es\/entorno-rural\/corbera-debre\/\">Corbera de Ebre<\/a>, Portal de la Terra Alta.<\/span><\/p>\n<p><span style=\"font-size: 110%;\">Estos apartamentos fueron construidos hace unos a\u00f1os por el <a href=\"https:\/\/www.corberaebre.cat\/\">Ayuntamiento de Corbera<\/a> para alojar personas que ven\u00edan a trabajar la tierra durante la temporada de cosecha: los TEMPOREROS.<\/span><\/p>\n<p><span style=\"font-size: 110%;\">Muchos temporeros han vivido en estos apartamentos&#8230; la gente ha cultivado la tierra, ha hecho madurar sus frutos, y te los ha ofrecido, a lo largo de muchos a\u00f1os.<\/span><\/p>\n<p><span style=\"font-size: 110%;\">Aqu\u00ed encontrar\u00e1 una tierra agr\u00edcola, rodeada de naturaleza, encontrar\u00e1 buena gente, tranquilidad, buena comida, buen vino, buen aceite, mucha historia,&#8230; \u00a1y muchos rincones por descubrir!<\/span><\/p>\n<p><strong><span style=\"font-size: 110%;\">\u00bfOs acompa\u00f1amos? \u00a1Bienvenidos a la Terra Alta!<\/span><\/strong><\/p>\n<p><span style=\"font-size: 110%;\">Anna y Quim<\/span><\/p>\n\n\t\t<\/div>\n\t\t\t\t\t<\/div>\n\n\t\n\n<\/div>\n\n\t\t<\/div>\n\n\t\t\n<style>\n#section_1319279029 {\n  padding-top: 30px;\n  padding-bottom: 30px;\n  background-color: rgba(122, 156, 89, 0.13);\n}\n<\/style>\n\t<\/section>\n\t\n\n","protected":false},"excerpt":{"rendered":"","protected":false},"author":1,"featured_media":0,"parent":0,"menu_order":0,"comment_status":"closed","ping_status":"closed","template":"page-blank.php","meta":{"footnotes":""},"yoast_head":"<!-- This site is optimized with the Yoast SEO plugin v21.7 - https:\/\/yoast.com\/wordpress\/plugins\/seo\/ -->\n<title>Qui\u00e9nes somos - Els temporers<\/title>\n<meta name=\"robots\" content=\"index, follow, max-snippet:-1, max-image-preview:large, max-video-preview:-1\" \/>\n<link rel=\"canonical\" href=\"https:\/\/www.elstemporers.com\/es\/quienes-somos-2\/\" \/>\n<meta property=\"og:locale\" content=\"es_ES\" \/>\n<meta property=\"og:type\" content=\"article\" \/>\n<meta property=\"og:title\" content=\"Qui\u00e9nes somos - Els temporers\" \/>\n<meta property=\"og:url\" content=\"https:\/\/www.elstemporers.com\/es\/quienes-somos-2\/\" \/>\n<meta property=\"og:site_name\" content=\"Els temporers\" \/>\n<meta property=\"article:modified_time\" content=\"2020-04-14T15:30:08+00:00\" \/>\n<meta name=\"twitter:card\" content=\"summary_large_image\" \/>\n<meta name=\"twitter:label1\" content=\"Tiempo de lectura\" \/>\n\t<meta name=\"twitter:data1\" content=\"1 minuto\" \/>\n<script type=\"application\/ld+json\" class=\"yoast-schema-graph\">{\"@context\":\"https:\/\/schema.org\",\"@graph\":[{\"@type\":\"WebPage\",\"@id\":\"https:\/\/www.elstemporers.com\/es\/quienes-somos-2\/\",\"url\":\"https:\/\/www.elstemporers.com\/es\/quienes-somos-2\/\",\"name\":\"Qui\u00e9nes somos - Els temporers\",\"isPartOf\":{\"@id\":\"https:\/\/www.elstemporers.com\/es\/#website\"},\"datePublished\":\"2019-05-13T14:48:22+00:00\",\"dateModified\":\"2020-04-14T15:30:08+00:00\",\"breadcrumb\":{\"@id\":\"https:\/\/www.elstemporers.com\/es\/quienes-somos-2\/#breadcrumb\"},\"inLanguage\":\"es\",\"potentialAction\":[{\"@type\":\"ReadAction\",\"target\":[\"https:\/\/www.elstemporers.com\/es\/quienes-somos-2\/\"]}]},{\"@type\":\"BreadcrumbList\",\"@id\":\"https:\/\/www.elstemporers.com\/es\/quienes-somos-2\/#breadcrumb\",\"itemListElement\":[{\"@type\":\"ListItem\",\"position\":1,\"name\":\"Portada\",\"item\":\"https:\/\/www.elstemporers.com\/es\/\"},{\"@type\":\"ListItem\",\"position\":2,\"name\":\"Qui\u00e9nes somos\"}]},{\"@type\":\"WebSite\",\"@id\":\"https:\/\/www.elstemporers.com\/es\/#website\",\"url\":\"https:\/\/www.elstemporers.com\/es\/\",\"name\":\"Els temporers\",\"description\":\"Apartaments Rurals Terra Alta Corbera d&#039;Ebre\",\"potentialAction\":[{\"@type\":\"SearchAction\",\"target\":{\"@type\":\"EntryPoint\",\"urlTemplate\":\"https:\/\/www.elstemporers.com\/es\/?s={search_term_string}\"},\"query-input\":\"required name=search_term_string\"}],\"inLanguage\":\"es\"}]}<\/script>\n<!-- \/ Yoast SEO plugin. -->","yoast_head_json":{"title":"Qui\u00e9nes somos - Els temporers","robots":{"index":"index","follow":"follow","max-snippet":"max-snippet:-1","max-image-preview":"max-image-preview:large","max-video-preview":"max-video-preview:-1"},"canonical":"https:\/\/www.elstemporers.com\/es\/quienes-somos-2\/","og_locale":"es_ES","og_type":"article","og_title":"Qui\u00e9nes somos - Els temporers","og_url":"https:\/\/www.elstemporers.com\/es\/quienes-somos-2\/","og_site_name":"Els temporers","article_modified_time":"2020-04-14T15:30:08+00:00","twitter_card":"summary_large_image","twitter_misc":{"Tiempo de lectura":"1 minuto"},"schema":{"@context":"https:\/\/schema.org","@graph":[{"@type":"WebPage","@id":"https:\/\/www.elstemporers.com\/es\/quienes-somos-2\/","url":"https:\/\/www.elstemporers.com\/es\/quienes-somos-2\/","name":"Qui\u00e9nes somos - Els temporers","isPartOf":{"@id":"https:\/\/www.elstemporers.com\/es\/#website"},"datePublished":"2019-05-13T14:48:22+00:00","dateModified":"2020-04-14T15:30:08+00:00","breadcrumb":{"@id":"https:\/\/www.elstemporers.com\/es\/quienes-somos-2\/#breadcrumb"},"inLanguage":"es","potentialAction":[{"@type":"ReadAction","target":["https:\/\/www.elstemporers.com\/es\/quienes-somos-2\/"]}]},{"@type":"BreadcrumbList","@id":"https:\/\/www.elstemporers.com\/es\/quienes-somos-2\/#breadcrumb","itemListElement":[{"@type":"ListItem","position":1,"name":"Portada","item":"https:\/\/www.elstemporers.com\/es\/"},{"@type":"ListItem","position":2,"name":"Qui\u00e9nes somos"}]},{"@type":"WebSite","@id":"https:\/\/www.elstemporers.com\/es\/#website","url":"https:\/\/www.elstemporers.com\/es\/","name":"Els temporers","description":"Apartaments Rurals Terra Alta Corbera d&#039;Ebre","potentialAction":[{"@type":"SearchAction","target":{"@type":"EntryPoint","urlTemplate":"https:\/\/www.elstemporers.com\/es\/?s={search_term_string}"},"query-input":"required name=search_term_string"}],"inLanguage":"es"}]}},"_links":{"self":[{"href":"https:\/\/www.elstemporers.com\/es\/wp-json\/wp\/v2\/pages\/1839"}],"collection":[{"href":"https:\/\/www.elstemporers.com\/es\/wp-json\/wp\/v2\/pages"}],"about":[{"href":"https:\/\/www.elstemporers.com\/es\/wp-json\/wp\/v2\/types\/page"}],"author":[{"embeddable":true,"href":"https:\/\/www.elstemporers.com\/es\/wp-json\/wp\/v2\/users\/1"}],"replies":[{"embeddable":true,"href":"https:\/\/www.elstemporers.com\/es\/wp-json\/wp\/v2\/comments?post=1839"}],"version-history":[{"count":2,"href":"https:\/\/www.elstemporers.com\/es\/wp-json\/wp\/v2\/pages\/1839\/revisions"}],"predecessor-version":[{"id":2457,"href":"https:\/\/www.elstemporers.com\/es\/wp-json\/wp\/v2\/pages\/1839\/revisions\/2457"}],"wp:attachment":[{"href":"https:\/\/www.elstemporers.com\/es\/wp-json\/wp\/v2\/media?parent=1839"}],"curies":[{"name":"wp","href":"https:\/\/api.w.org\/{rel}","templated":true}]}}