{"id":1841,"date":"2019-05-13T14:49:02","date_gmt":"2019-05-13T14:49:02","guid":{"rendered":"http:\/\/www.elstemporers.com\/?page_id=1841"},"modified":"2020-04-14T15:15:06","modified_gmt":"2020-04-14T15:15:06","slug":"red-ciclista","status":"publish","type":"page","link":"https:\/\/www.elstemporers.com\/es\/que-hacer\/red-ciclista\/","title":{"rendered":"Red ciclista"},"content":{"rendered":"\n\t<section class=\"section has-parallax\" id=\"section_16470948\">\n\t\t<div class=\"bg section-bg fill bg-fill  \" data-parallax-container=\".section\" data-parallax-background data-parallax=\"-7\">\n\n\t\t\t\n\t\t\t<div class=\"section-bg-overlay absolute fill\"><\/div>\n\t\t\t\n\n\t\t<\/div>\n\n\t\t\n\n\t\t<div class=\"section-content relative\">\n\t\t\t\n\n<div class=\"row align-equal align-center\"  id=\"row-443713239\">\n\n\n\t<div id=\"col-1378483519\" class=\"col medium-10 small-12 large-10\"  >\n\t\t\t\t<div class=\"col-inner text-center text-shadow-2 dark\"  >\n\t\t\t\n\t\t\t\n\n<h1 class=\"uppercase\"><span style=\"font-size: 115%;\">RED CICLISTA<br>\n<\/span><\/h1>\n\n\t\t<\/div>\n\t\t\t\t\t<\/div>\n\n\t\n\n\n<style>\n#row-443713239 > .col > .col-inner {\n  padding: 50px 0px 0px 0px;\n}\n<\/style>\n<\/div>\n\n\t\t<\/div>\n\n\t\t\n<style>\n#section_16470948 {\n  padding-top: 60px;\n  padding-bottom: 60px;\n  min-height: 300px;\n  background-color: #7A9C59;\n}\n#section_16470948 .section-bg-overlay {\n  background-color: rgba(122, 156, 89, 0.48);\n}\n#section_16470948 .section-bg.bg-loaded {\n  background-image: url(https:\/\/www.elstemporers.com\/wp-content\/uploads\/bicibanner.jpg);\n}\n#section_16470948 .section-bg {\n  background-position: 11% 80%;\n}\n<\/style>\n\t<\/section>\n\t\n\t<div id=\"gap-510337251\" class=\"gap-element clearfix\" style=\"display:block; height:auto;\">\n\t\t\n<style>\n#gap-510337251 {\n  padding-top: 46px;\n}\n<\/style>\n\t<\/div>\n\t\n\n<div class=\"row\"  id=\"row-1527432706\">\n\n\n\t<div id=\"col-555215755\" class=\"col medium-6 small-12 large-6\"  >\n\t\t\t\t<div class=\"col-inner\"  >\n\t\t\t\n\t\t\t\n\n<p><span style=\"font-size: 110%;\">Las salidas en bicicleta, el <strong>cicloturismo<\/strong>, la monta\u00f1a, el contacto con la naturaleza que permite este deporte, est\u00e1n muy de moda hoy en d\u00eda, y son muchos los amantes de los pedales y la BTT. En la Terra Alta podr\u00e1 disfrutar de este deporte a trav\u00e9s de su <strong>Red Ciclista<\/strong>.<\/span><\/p>\n<p><span style=\"font-size: 110%;\">La red BTT de la Tierra Alta consta de <strong>13 rutas<\/strong> que transcurren por los 12 t\u00e9rminos municipales de la comarca.<\/span><\/p>\n<p><span style=\"font-size: 110%;\">Son <strong>266 kil\u00f3metros<\/strong> de caminos se\u00f1alizados, de circulaci\u00f3n compartida con los veh\u00edculos de motor, que atraviesan los lugares m\u00e1s caracter\u00edsticos de la comarca: el Macizo del Puerto, las orillas del Algars y el Canaletes, el paraje de la Fontcalda, las Sierras de Cavalls y P\u00e0ndols, los escenarios de la Batalla del Ebro&#8230;<\/span><\/p>\n\n\t\t<\/div>\n\t\t\t\t\t<\/div>\n\n\t\n\n\t<div id=\"col-1379875808\" class=\"col medium-6 small-12 large-6\"  >\n\t\t\t\t<div class=\"col-inner\"  >\n\t\t\t\n\t\t\t\n\n<p><span style=\"font-size: 110%;\">En el siguiente enlace encontrar\u00e1 las caracter\u00edsticas de cada una de las rutas, ficha t\u00e9cnica, grado de dificultad, perfil de la ruta, mapa, puntos de inter\u00e9s&#8230;<\/span><\/p>\n<p><span style=\"font-size: 110%;\">http:\/\/www.terra-alta.org\/index.php\/que-fer\/xarxa-ciclista<\/span><\/p>\n<p><span style=\"font-size: 110%;\">Aparte de todas estas rutas, a diferentes pueblos encontrar\u00e1 tambi\u00e9n grupos ciclistas y clubes que organizan salidas y que pueden guiar por caminos \u00abmenos transitados\u00bb a descubrir nuevos parajes.<\/span><\/p>\n<p><span style=\"font-size: 110%;\">En la Terra Alta, no se sentir\u00e1 solo en su pasi\u00f3n y seguro que le har\u00e1n sentirse como en casa.<\/span><\/p>\n\n\t\t<\/div>\n\t\t\t\t\t<\/div>\n\n\t\n\n<\/div>\n<div class=\"row row-collapse row-full-width\"  id=\"row-1809282610\">\n\n\n\t<div id=\"col-1412765105\" class=\"col medium-4 large-4\"  >\n\t\t\t\t<div class=\"col-inner\"  >\n\t\t\t\n\t\t\t\n\n\t<div class=\"img has-hover x md-x lg-x y md-y lg-y\" id=\"image_12982080\">\n\t\t\t\t\t\t\t\t<div class=\"img-inner dark\" >\n\t\t\t<img loading=\"lazy\" decoding=\"async\" width=\"1020\" height=\"656\" src=\"https:\/\/www.elstemporers.com\/wp-content\/uploads\/bici2-1024x659.jpg\" class=\"attachment-large size-large\" alt=\"\" srcset=\"https:\/\/www.elstemporers.com\/wp-content\/uploads\/bici2-1024x659.jpg 1024w, https:\/\/www.elstemporers.com\/wp-content\/uploads\/bici2-300x193.jpg 300w, https:\/\/www.elstemporers.com\/wp-content\/uploads\/bici2-768x495.jpg 768w, https:\/\/www.elstemporers.com\/wp-content\/uploads\/bici2.jpg 1921w\" sizes=\"(max-width: 1020px) 100vw, 1020px\" \/>\t\t\t\t\t\t\n\t\t\t\t\t<\/div>\n\t\t\t\t\t\t\t\t\n<style>\n#image_12982080 {\n  width: 100%;\n}\n<\/style>\n\t<\/div>\n\t\n\n\n\t\t<\/div>\n\t\t\t\t\t<\/div>\n\n\t\n\n\t<div id=\"col-1703092662\" class=\"col medium-4 large-4\"  >\n\t\t\t\t<div class=\"col-inner\"  >\n\t\t\t\n\t\t\t\n\n\t<div class=\"img has-hover x md-x lg-x y md-y lg-y\" id=\"image_973511408\">\n\t\t\t\t\t\t\t\t<div class=\"img-inner dark\" >\n\t\t\t<img loading=\"lazy\" decoding=\"async\" width=\"1020\" height=\"655\" src=\"https:\/\/www.elstemporers.com\/wp-content\/uploads\/bici1-1024x658.jpg\" class=\"attachment-large size-large\" alt=\"\" srcset=\"https:\/\/www.elstemporers.com\/wp-content\/uploads\/bici1-1024x658.jpg 1024w, https:\/\/www.elstemporers.com\/wp-content\/uploads\/bici1-300x193.jpg 300w, https:\/\/www.elstemporers.com\/wp-content\/uploads\/bici1-768x494.jpg 768w, https:\/\/www.elstemporers.com\/wp-content\/uploads\/bici1.jpg 1924w\" sizes=\"(max-width: 1020px) 100vw, 1020px\" \/>\t\t\t\t\t\t\n\t\t\t\t\t<\/div>\n\t\t\t\t\t\t\t\t\n<style>\n#image_973511408 {\n  width: 100%;\n}\n<\/style>\n\t<\/div>\n\t\n\n\n\t\t<\/div>\n\t\t\t\t\t<\/div>\n\n\t\n\n\t<div id=\"col-2034714224\" class=\"col medium-4 large-4\"  >\n\t\t\t\t<div class=\"col-inner\"  >\n\t\t\t\n\t\t\t\n\n\t<div class=\"img has-hover x md-x lg-x y md-y lg-y\" id=\"image_757670108\">\n\t\t\t\t\t\t\t\t<div class=\"img-inner dark\" >\n\t\t\t<img loading=\"lazy\" decoding=\"async\" width=\"1020\" height=\"658\" src=\"https:\/\/www.elstemporers.com\/wp-content\/uploads\/bici3-1024x661.jpg\" class=\"attachment-large size-large\" alt=\"\" srcset=\"https:\/\/www.elstemporers.com\/wp-content\/uploads\/bici3-1024x661.jpg 1024w, https:\/\/www.elstemporers.com\/wp-content\/uploads\/bici3-300x194.jpg 300w, https:\/\/www.elstemporers.com\/wp-content\/uploads\/bici3-768x496.jpg 768w, https:\/\/www.elstemporers.com\/wp-content\/uploads\/bici3.jpg 1918w\" sizes=\"(max-width: 1020px) 100vw, 1020px\" \/>\t\t\t\t\t\t\n\t\t\t\t\t<\/div>\n\t\t\t\t\t\t\t\t\n<style>\n#image_757670108 {\n  width: 100%;\n}\n<\/style>\n\t<\/div>\n\t\n\n\n\t\t<\/div>\n\t\t\t\t\t<\/div>\n\n\t\n\n<\/div>\n\n\n\n<p>Descubre la <a href=\"https:\/\/www.elstemporers.com\/es\/entorno-rural\/la-terra-alta-2\/\">Terra Alta<\/a>: <a href=\"https:\/\/www.elstemporers.com\/es\/que-hacer\/via-verde\/\">Via Verde<\/a>, la <a href=\"https:\/\/www.elstemporers.com\/es\/que-hacer\/red-ciclista\/\">xarxa ciclista<\/a>, los <a href=\"https:\/\/www.elstemporers.com\/es\/que-hacer\/espacios-de-la-batalla-del-ebro\/\">Espacios de Batalla del Ebro<\/a>, camina por <a href=\"https:\/\/www.elstemporers.com\/es\/que-hacer\/parque-natural-de-els-ports-dhorta\/\">Els Ports<\/a> o prueba los <a href=\"https:\/\/www.elstemporers.com\/es\/que-hacer\/la-garnacha-y-los-vinos-do-terra-alta\/\">vinos<\/a> y aceites de la comarca con esta oferta escapada rural julio en la <a rel=\"noreferrer noopener\" href=\"http:\/\/terra-alta.org\/?lang=es\" target=\"_blank\">Terra Alta<\/a>.<\/p>\n","protected":false},"excerpt":{"rendered":"<p>Descubre la Terra Alta: Via Verde, la xarxa ciclista, los Espacios de Batalla del Ebro, camina por Els Ports o prueba los vinos y aceites de la comarca con esta oferta escapada rural julio en la Terra Alta.<\/p>\n","protected":false},"author":1,"featured_media":0,"parent":1837,"menu_order":0,"comment_status":"closed","ping_status":"closed","template":"page-right-sidebar.php","meta":{"footnotes":""},"yoast_head":"<!-- This site is optimized with the Yoast SEO plugin v21.7 - https:\/\/yoast.com\/wordpress\/plugins\/seo\/ -->\n<title>Red ciclista - Els temporers<\/title>\n<meta name=\"description\" content=\"cicloturismo, la monta\u00f1a, el contacto con la naturaleza que permite este deporte, BTT. En la Terra Alta podr\u00e1 disfrutar de su Red Ciclista.\" \/>\n<meta name=\"robots\" content=\"index, follow, max-snippet:-1, max-image-preview:large, max-video-preview:-1\" \/>\n<link rel=\"canonical\" href=\"https:\/\/www.elstemporers.com\/es\/que-hacer\/red-ciclista\/\" \/>\n<meta property=\"og:locale\" content=\"es_ES\" \/>\n<meta property=\"og:type\" content=\"article\" \/>\n<meta property=\"og:title\" content=\"Red ciclista - Els temporers\" \/>\n<meta property=\"og:description\" content=\"cicloturismo, la monta\u00f1a, el contacto con la naturaleza que permite este deporte, BTT. En la Terra Alta podr\u00e1 disfrutar de su Red Ciclista.\" \/>\n<meta property=\"og:url\" content=\"https:\/\/www.elstemporers.com\/es\/que-hacer\/red-ciclista\/\" \/>\n<meta property=\"og:site_name\" content=\"Els temporers\" \/>\n<meta property=\"article:modified_time\" content=\"2020-04-14T15:15:06+00:00\" \/>\n<meta name=\"twitter:card\" content=\"summary_large_image\" \/>\n<meta name=\"twitter:label1\" content=\"Tiempo de lectura\" \/>\n\t<meta name=\"twitter:data1\" content=\"2 minutos\" \/>\n<script type=\"application\/ld+json\" class=\"yoast-schema-graph\">{\"@context\":\"https:\/\/schema.org\",\"@graph\":[{\"@type\":\"WebPage\",\"@id\":\"https:\/\/www.elstemporers.com\/es\/que-hacer\/red-ciclista\/\",\"url\":\"https:\/\/www.elstemporers.com\/es\/que-hacer\/red-ciclista\/\",\"name\":\"Red ciclista - Els temporers\",\"isPartOf\":{\"@id\":\"https:\/\/www.elstemporers.com\/es\/#website\"},\"datePublished\":\"2019-05-13T14:49:02+00:00\",\"dateModified\":\"2020-04-14T15:15:06+00:00\",\"description\":\"cicloturismo, la monta\u00f1a, el contacto con la naturaleza que permite este deporte, BTT. En la Terra Alta podr\u00e1 disfrutar de su Red Ciclista.\",\"breadcrumb\":{\"@id\":\"https:\/\/www.elstemporers.com\/es\/que-hacer\/red-ciclista\/#breadcrumb\"},\"inLanguage\":\"es\",\"potentialAction\":[{\"@type\":\"ReadAction\",\"target\":[\"https:\/\/www.elstemporers.com\/es\/que-hacer\/red-ciclista\/\"]}]},{\"@type\":\"BreadcrumbList\",\"@id\":\"https:\/\/www.elstemporers.com\/es\/que-hacer\/red-ciclista\/#breadcrumb\",\"itemListElement\":[{\"@type\":\"ListItem\",\"position\":1,\"name\":\"Portada\",\"item\":\"https:\/\/www.elstemporers.com\/es\/\"},{\"@type\":\"ListItem\",\"position\":2,\"name\":\"Qu\u00e9 hacer\",\"item\":\"https:\/\/www.elstemporers.com\/es\/que-hacer\/\"},{\"@type\":\"ListItem\",\"position\":3,\"name\":\"Red ciclista\"}]},{\"@type\":\"WebSite\",\"@id\":\"https:\/\/www.elstemporers.com\/es\/#website\",\"url\":\"https:\/\/www.elstemporers.com\/es\/\",\"name\":\"Els temporers\",\"description\":\"Apartaments Rurals Terra Alta Corbera d&#039;Ebre\",\"potentialAction\":[{\"@type\":\"SearchAction\",\"target\":{\"@type\":\"EntryPoint\",\"urlTemplate\":\"https:\/\/www.elstemporers.com\/es\/?s={search_term_string}\"},\"query-input\":\"required name=search_term_string\"}],\"inLanguage\":\"es\"}]}<\/script>\n<!-- \/ Yoast SEO plugin. -->","yoast_head_json":{"title":"Red ciclista - Els temporers","description":"cicloturismo, la monta\u00f1a, el contacto con la naturaleza que permite este deporte, BTT. En la Terra Alta podr\u00e1 disfrutar de su Red Ciclista.","robots":{"index":"index","follow":"follow","max-snippet":"max-snippet:-1","max-image-preview":"max-image-preview:large","max-video-preview":"max-video-preview:-1"},"canonical":"https:\/\/www.elstemporers.com\/es\/que-hacer\/red-ciclista\/","og_locale":"es_ES","og_type":"article","og_title":"Red ciclista - Els temporers","og_description":"cicloturismo, la monta\u00f1a, el contacto con la naturaleza que permite este deporte, BTT. En la Terra Alta podr\u00e1 disfrutar de su Red Ciclista.","og_url":"https:\/\/www.elstemporers.com\/es\/que-hacer\/red-ciclista\/","og_site_name":"Els temporers","article_modified_time":"2020-04-14T15:15:06+00:00","twitter_card":"summary_large_image","twitter_misc":{"Tiempo de lectura":"2 minutos"},"schema":{"@context":"https:\/\/schema.org","@graph":[{"@type":"WebPage","@id":"https:\/\/www.elstemporers.com\/es\/que-hacer\/red-ciclista\/","url":"https:\/\/www.elstemporers.com\/es\/que-hacer\/red-ciclista\/","name":"Red ciclista - Els temporers","isPartOf":{"@id":"https:\/\/www.elstemporers.com\/es\/#website"},"datePublished":"2019-05-13T14:49:02+00:00","dateModified":"2020-04-14T15:15:06+00:00","description":"cicloturismo, la monta\u00f1a, el contacto con la naturaleza que permite este deporte, BTT. En la Terra Alta podr\u00e1 disfrutar de su Red Ciclista.","breadcrumb":{"@id":"https:\/\/www.elstemporers.com\/es\/que-hacer\/red-ciclista\/#breadcrumb"},"inLanguage":"es","potentialAction":[{"@type":"ReadAction","target":["https:\/\/www.elstemporers.com\/es\/que-hacer\/red-ciclista\/"]}]},{"@type":"BreadcrumbList","@id":"https:\/\/www.elstemporers.com\/es\/que-hacer\/red-ciclista\/#breadcrumb","itemListElement":[{"@type":"ListItem","position":1,"name":"Portada","item":"https:\/\/www.elstemporers.com\/es\/"},{"@type":"ListItem","position":2,"name":"Qu\u00e9 hacer","item":"https:\/\/www.elstemporers.com\/es\/que-hacer\/"},{"@type":"ListItem","position":3,"name":"Red ciclista"}]},{"@type":"WebSite","@id":"https:\/\/www.elstemporers.com\/es\/#website","url":"https:\/\/www.elstemporers.com\/es\/","name":"Els temporers","description":"Apartaments Rurals Terra Alta Corbera d&#039;Ebre","potentialAction":[{"@type":"SearchAction","target":{"@type":"EntryPoint","urlTemplate":"https:\/\/www.elstemporers.com\/es\/?s={search_term_string}"},"query-input":"required name=search_term_string"}],"inLanguage":"es"}]}},"_links":{"self":[{"href":"https:\/\/www.elstemporers.com\/es\/wp-json\/wp\/v2\/pages\/1841"}],"collection":[{"href":"https:\/\/www.elstemporers.com\/es\/wp-json\/wp\/v2\/pages"}],"about":[{"href":"https:\/\/www.elstemporers.com\/es\/wp-json\/wp\/v2\/types\/page"}],"author":[{"embeddable":true,"href":"https:\/\/www.elstemporers.com\/es\/wp-json\/wp\/v2\/users\/1"}],"replies":[{"embeddable":true,"href":"https:\/\/www.elstemporers.com\/es\/wp-json\/wp\/v2\/comments?post=1841"}],"version-history":[{"count":2,"href":"https:\/\/www.elstemporers.com\/es\/wp-json\/wp\/v2\/pages\/1841\/revisions"}],"predecessor-version":[{"id":2447,"href":"https:\/\/www.elstemporers.com\/es\/wp-json\/wp\/v2\/pages\/1841\/revisions\/2447"}],"up":[{"embeddable":true,"href":"https:\/\/www.elstemporers.com\/es\/wp-json\/wp\/v2\/pages\/1837"}],"wp:attachment":[{"href":"https:\/\/www.elstemporers.com\/es\/wp-json\/wp\/v2\/media?parent=1841"}],"curies":[{"name":"wp","href":"https:\/\/api.w.org\/{rel}","templated":true}]}}