{"id":1847,"date":"2019-05-13T14:50:56","date_gmt":"2019-05-13T14:50:56","guid":{"rendered":"http:\/\/www.elstemporers.com\/?page_id=1847"},"modified":"2020-04-14T15:09:49","modified_gmt":"2020-04-14T15:09:49","slug":"tierras-del-ebro-2","status":"publish","type":"page","link":"https:\/\/www.elstemporers.com\/es\/entorno-rural\/tierras-del-ebro-2\/","title":{"rendered":"Tierras del Ebro"},"content":{"rendered":"\n\t<section class=\"section has-parallax\" id=\"section_422619751\">\n\t\t<div class=\"bg section-bg fill bg-fill  \" data-parallax-container=\".section\" data-parallax-background data-parallax=\"-7\">\n\n\t\t\t\n\t\t\t<div class=\"section-bg-overlay absolute fill\"><\/div>\n\t\t\t\n\n\t\t<\/div>\n\n\t\t\n\n\t\t<div class=\"section-content relative\">\n\t\t\t\n\n<div class=\"row align-center\"  id=\"row-84547669\">\n\n\n\t<div id=\"col-1532378468\" class=\"col medium-10 small-12 large-10\"  >\n\t\t\t\t<div class=\"col-inner text-center text-shadow-2 dark\"  >\n\t\t\t\n\t\t\t\n\n<h1 class=\"uppercase\"><span style=\"font-size: 115%;\">TERRES DE L\u2019EBRE<\/span><\/h1>\n<p class=\"lead\"><strong>\u201cDonde te paran los detalles!\u201d\n<\/strong><\/p>\n\n\t\t<\/div>\n\t\t\t\t\t<\/div>\n\n\t\n\n\n<style>\n#row-84547669 > .col > .col-inner {\n  padding: 54px 0px 0px 0px;\n}\n<\/style>\n<\/div>\n\n\t\t<\/div>\n\n\t\t\n<style>\n#section_422619751 {\n  padding-top: 60px;\n  padding-bottom: 60px;\n  min-height: 300px;\n  background-color: #7A9C59;\n}\n#section_422619751 .section-bg-overlay {\n  background-color: rgba(122, 156, 89, 0.48);\n}\n#section_422619751 .section-bg.bg-loaded {\n  background-image: url(https:\/\/www.elstemporers.com\/wp-content\/uploads\/banner-ebro.jpg);\n}\n#section_422619751 .section-bg {\n  background-position: 0% 50%;\n}\n<\/style>\n\t<\/section>\n\t\n<div class=\"row\"  id=\"row-216553172\">\n\n\n\t<div id=\"col-1210423986\" class=\"col small-12 large-12\"  >\n\t\t\t\t<div class=\"col-inner\"  >\n\t\t\t\n\t\t\t\n\n<p><span style=\"font-size: 110%;\">La gran desconocida, la quinta provincia dicen unos. Un destino aut\u00e9ntico, donde reina la calma, y se vive a otro ritmo, dicen otros.<\/span><\/p>\n<p><span style=\"font-size: 110%;\">Las Terres de l\u2019Ebre est\u00e1n formadas por las 4 comarcas m\u00e1s meridionales de Catalu\u00f1a: la Ribera d\u2019Ebre, la Terra Alta, el Baix Ebre y el Montsi\u00e0. El eje vertebrador es el Riu Ebre. Destaca por su entorno natural y paisaj\u00edstico con espacios conocidos por todas partes c\u00f3mo:<\/span><\/p>\n<div class=\"row\"  id=\"row-1392399712\">\n\n\n\t<div id=\"col-1718753311\" class=\"col medium-6 small-12 large-6\"  >\n\t\t\t\t<div class=\"col-inner\"  >\n\t\t\t\n\t\t\t\n\n<ul>\n<li class=\"p1 bullet-arrow\">\n<p>Parque Natural del Delta de l\u2019Ebre (Reserva de la Biosfera por la Unesco desde 2013)<\/p>\n<\/li>\n<li class=\"p1 bullet-arrow\">\n<p>Parque Natural de Els Ports.<\/p>\n<\/li>\n<li class=\"p1 bullet-arrow\">\n<p>Riu Ebre<\/p>\n<\/li>\n<li class=\"p1 bullet-arrow\">\n<p>Playas y calas v\u00edrgenes de la costa mediterr\u00e1nea<\/p>\n<\/li>\n<\/ul>\n<p><span style=\"font-size: 110%;\">Las Terres de l\u2019 Ebre os ofrece vivir nuevas experiencias, lejos de las aglomeraciones, lejos del ritmo fren\u00e9tico del d\u00eda a d\u00eda, de la rutina, a trav\u00e9s de sus espacios naturales, donde podr\u00e9is practicar ecoturismo y turismo de naturaleza (barranquismo, cicloturismo, escalada, espeleolog\u00eda, senderismo, navegaci\u00f3n a kayak, traves\u00edas a caballo, etc.).<\/span><\/p>\n\n\t\t<\/div>\n\t\t\t\t\t<\/div>\n\n\t\n\n\t<div id=\"col-318485732\" class=\"col medium-6 small-12 large-6\"  >\n\t\t\t\t<div class=\"col-inner\"  >\n\t\t\t\n\t\t\t\n\n\t<div class=\"img has-hover x md-x lg-x y md-y lg-y\" id=\"image_1344697282\">\n\t\t\t\t\t\t\t\t<div class=\"img-inner image-cover dark\" style=\"padding-top:383px;\">\n\t\t\t<img loading=\"lazy\" decoding=\"async\" width=\"1020\" height=\"574\" src=\"https:\/\/www.elstemporers.com\/wp-content\/uploads\/terres-de-lebre-1024x576.jpg\" class=\"attachment-large size-large\" alt=\"\" srcset=\"https:\/\/www.elstemporers.com\/wp-content\/uploads\/terres-de-lebre-1024x576.jpg 1024w, https:\/\/www.elstemporers.com\/wp-content\/uploads\/terres-de-lebre-300x169.jpg 300w, https:\/\/www.elstemporers.com\/wp-content\/uploads\/terres-de-lebre-768x432.jpg 768w, https:\/\/www.elstemporers.com\/wp-content\/uploads\/terres-de-lebre.jpg 1920w\" sizes=\"(max-width: 1020px) 100vw, 1020px\" \/>\t\t\t\t\t\t\n\t\t\t\t\t<\/div>\n\t\t\t\t\t\t\t\t\n<style>\n#image_1344697282 {\n  width: 100%;\n}\n<\/style>\n\t<\/div>\n\t\n\n\n\t\t<\/div>\n\t\t\t\t\t<\/div>\n\n\t\n\n<\/div>\n<div class=\"row\"  id=\"row-1037283831\">\n\n\n\t<div id=\"col-357620748\" class=\"col small-12 large-12\"  >\n\t\t\t\t<div class=\"col-inner\"  >\n\t\t\t\n\t\t\t\n\n<p><span style=\"font-size: 110%;\">En Les Terres de l\u2019Ebre podr\u00e9is perderos por extensas y tranquilas playas, por los espacios v\u00edrgenes del Delta del Ebre o por las monta\u00f1as del macizo de Els Ports. Podr\u00e9is probar su gastronom\u00eda, llena de platos t\u00edpicos y con ra\u00edz. Podr\u00e9is disfrutar de su legado cultural, rico en tradiciones, monumentos, historia. Y por supuesto de su gente.<\/span><\/p>\n<p><span style=\"font-size: 110%;\">Encontrar\u00e9is informaci\u00f3n en la web del Patronato de Turismo: <a href=\"http:\/\/www.terresdelebre.travel\/\">http:\/\/www.terresdelebre.travel\/<\/a> &nbsp;<\/span><\/p>\n<p><span style=\"font-size: 110%;\">Tambi\u00e9n en la web de los 4 Consells Comarcals:<\/span><\/p>\n<p><span style=\"font-size: 110%;\">Terra Alta (Gandesa): <a href=\"http:\/\/www.terra-alta.org\/\">http:\/\/www.terra-alta.org\/<\/a><\/span><\/p>\n<p><span style=\"font-size: 110%;\">Ribera de Ebre (M\u00f3ra d&#8217;Ebre): <a href=\"http:\/\/www.turismeriberaebre.org\/\">http:\/\/www.turismeriberaebre.org\/<\/a><\/span><\/p>\n<p><span style=\"font-size: 110%;\">Baix Ebre (Tortosa): <a href=\"http:\/\/www.baixebre.cat\/\">http:\/\/www.baixebre.cat\/<\/a><\/span><\/p>\n<p><span style=\"font-size: 110%;\">Montsi\u00e0 (Amposta): <a href=\"http:\/\/www.montsia.cat\/turisme\">http:\/\/www.montsia.cat\/turisme<\/a><\/span><\/p>\n\n\t\t<\/div>\n\t\t\t\t\t<\/div>\n\n\t\n\n<\/div>\n\n\t\t<\/div>\n\t\t\t\t\t<\/div>\n\n\t\n\n<\/div>\n\n\n\n<p>Descubre la <a href=\"https:\/\/www.elstemporers.com\/es\/entorno-rural\/la-terra-alta-2\/\">Terra Alta<\/a>: <a href=\"https:\/\/www.elstemporers.com\/es\/que-hacer\/via-verde\/\">Via Verde<\/a>, la <a href=\"https:\/\/www.elstemporers.com\/es\/que-hacer\/red-ciclista\/\">xarxa ciclista<\/a>, los <a href=\"https:\/\/www.elstemporers.com\/es\/que-hacer\/espacios-de-la-batalla-del-ebro\/\">Espacios de Batalla del Ebro<\/a>, camina por <a href=\"https:\/\/www.elstemporers.com\/es\/que-hacer\/parque-natural-de-els-ports-dhorta\/\">Els Ports<\/a> o prueba los <a href=\"https:\/\/www.elstemporers.com\/es\/que-hacer\/la-garnacha-y-los-vinos-do-terra-alta\/\">vinos<\/a> y aceites de la comarca con esta oferta escapada rural julio en la <a rel=\"noreferrer noopener\" href=\"http:\/\/terra-alta.org\/?lang=es\" target=\"_blank\">Terra Alta<\/a>.<\/p>\n","protected":false},"excerpt":{"rendered":"<p>Descubre la Terra Alta: Via Verde, la xarxa ciclista, los Espacios de Batalla del Ebro, camina por Els Ports o prueba los vinos y aceites de la comarca con esta oferta escapada rural julio en la Terra Alta.<\/p>\n","protected":false},"author":1,"featured_media":0,"parent":1817,"menu_order":0,"comment_status":"closed","ping_status":"closed","template":"page-right-sidebar.php","meta":{"footnotes":""},"yoast_head":"<!-- This site is optimized with the Yoast SEO plugin v21.7 - https:\/\/yoast.com\/wordpress\/plugins\/seo\/ -->\n<title>Tierras del Ebro - Els temporers<\/title>\n<meta name=\"description\" content=\"Las Tierras del Ebro formadas por 4 comarcas m\u00e1s meridionales de Catalu\u00f1a. En ella se encuentra la Terra Alta y el pueblo de Corbera d&#039;ebre\" \/>\n<meta name=\"robots\" content=\"index, follow, max-snippet:-1, max-image-preview:large, max-video-preview:-1\" \/>\n<link rel=\"canonical\" href=\"https:\/\/www.elstemporers.com\/es\/entorno-rural\/tierras-del-ebro-2\/\" \/>\n<meta property=\"og:locale\" content=\"es_ES\" \/>\n<meta property=\"og:type\" content=\"article\" \/>\n<meta property=\"og:title\" content=\"Tierras del Ebro - Els temporers\" \/>\n<meta property=\"og:description\" content=\"Las Tierras del Ebro formadas por 4 comarcas m\u00e1s meridionales de Catalu\u00f1a. En ella se encuentra la Terra Alta y el pueblo de Corbera d&#039;ebre\" \/>\n<meta property=\"og:url\" content=\"https:\/\/www.elstemporers.com\/es\/entorno-rural\/tierras-del-ebro-2\/\" \/>\n<meta property=\"og:site_name\" content=\"Els temporers\" \/>\n<meta property=\"article:modified_time\" content=\"2020-04-14T15:09:49+00:00\" \/>\n<meta name=\"twitter:card\" content=\"summary_large_image\" \/>\n<meta name=\"twitter:label1\" content=\"Tiempo de lectura\" \/>\n\t<meta name=\"twitter:data1\" content=\"2 minutos\" \/>\n<script type=\"application\/ld+json\" class=\"yoast-schema-graph\">{\"@context\":\"https:\/\/schema.org\",\"@graph\":[{\"@type\":\"WebPage\",\"@id\":\"https:\/\/www.elstemporers.com\/es\/entorno-rural\/tierras-del-ebro-2\/\",\"url\":\"https:\/\/www.elstemporers.com\/es\/entorno-rural\/tierras-del-ebro-2\/\",\"name\":\"Tierras del Ebro - Els temporers\",\"isPartOf\":{\"@id\":\"https:\/\/www.elstemporers.com\/es\/#website\"},\"datePublished\":\"2019-05-13T14:50:56+00:00\",\"dateModified\":\"2020-04-14T15:09:49+00:00\",\"description\":\"Las Tierras del Ebro formadas por 4 comarcas m\u00e1s meridionales de Catalu\u00f1a. En ella se encuentra la Terra Alta y el pueblo de Corbera d'ebre\",\"breadcrumb\":{\"@id\":\"https:\/\/www.elstemporers.com\/es\/entorno-rural\/tierras-del-ebro-2\/#breadcrumb\"},\"inLanguage\":\"es\",\"potentialAction\":[{\"@type\":\"ReadAction\",\"target\":[\"https:\/\/www.elstemporers.com\/es\/entorno-rural\/tierras-del-ebro-2\/\"]}]},{\"@type\":\"BreadcrumbList\",\"@id\":\"https:\/\/www.elstemporers.com\/es\/entorno-rural\/tierras-del-ebro-2\/#breadcrumb\",\"itemListElement\":[{\"@type\":\"ListItem\",\"position\":1,\"name\":\"Portada\",\"item\":\"https:\/\/www.elstemporers.com\/es\/\"},{\"@type\":\"ListItem\",\"position\":2,\"name\":\"Entorno Rural\",\"item\":\"https:\/\/www.elstemporers.com\/es\/entorno-rural\/\"},{\"@type\":\"ListItem\",\"position\":3,\"name\":\"Tierras del Ebro\"}]},{\"@type\":\"WebSite\",\"@id\":\"https:\/\/www.elstemporers.com\/es\/#website\",\"url\":\"https:\/\/www.elstemporers.com\/es\/\",\"name\":\"Els temporers\",\"description\":\"Apartaments Rurals Terra Alta Corbera d&#039;Ebre\",\"potentialAction\":[{\"@type\":\"SearchAction\",\"target\":{\"@type\":\"EntryPoint\",\"urlTemplate\":\"https:\/\/www.elstemporers.com\/es\/?s={search_term_string}\"},\"query-input\":\"required name=search_term_string\"}],\"inLanguage\":\"es\"}]}<\/script>\n<!-- \/ Yoast SEO plugin. -->","yoast_head_json":{"title":"Tierras del Ebro - Els temporers","description":"Las Tierras del Ebro formadas por 4 comarcas m\u00e1s meridionales de Catalu\u00f1a. En ella se encuentra la Terra Alta y el pueblo de Corbera d'ebre","robots":{"index":"index","follow":"follow","max-snippet":"max-snippet:-1","max-image-preview":"max-image-preview:large","max-video-preview":"max-video-preview:-1"},"canonical":"https:\/\/www.elstemporers.com\/es\/entorno-rural\/tierras-del-ebro-2\/","og_locale":"es_ES","og_type":"article","og_title":"Tierras del Ebro - Els temporers","og_description":"Las Tierras del Ebro formadas por 4 comarcas m\u00e1s meridionales de Catalu\u00f1a. En ella se encuentra la Terra Alta y el pueblo de Corbera d'ebre","og_url":"https:\/\/www.elstemporers.com\/es\/entorno-rural\/tierras-del-ebro-2\/","og_site_name":"Els temporers","article_modified_time":"2020-04-14T15:09:49+00:00","twitter_card":"summary_large_image","twitter_misc":{"Tiempo de lectura":"2 minutos"},"schema":{"@context":"https:\/\/schema.org","@graph":[{"@type":"WebPage","@id":"https:\/\/www.elstemporers.com\/es\/entorno-rural\/tierras-del-ebro-2\/","url":"https:\/\/www.elstemporers.com\/es\/entorno-rural\/tierras-del-ebro-2\/","name":"Tierras del Ebro - Els temporers","isPartOf":{"@id":"https:\/\/www.elstemporers.com\/es\/#website"},"datePublished":"2019-05-13T14:50:56+00:00","dateModified":"2020-04-14T15:09:49+00:00","description":"Las Tierras del Ebro formadas por 4 comarcas m\u00e1s meridionales de Catalu\u00f1a. En ella se encuentra la Terra Alta y el pueblo de Corbera d'ebre","breadcrumb":{"@id":"https:\/\/www.elstemporers.com\/es\/entorno-rural\/tierras-del-ebro-2\/#breadcrumb"},"inLanguage":"es","potentialAction":[{"@type":"ReadAction","target":["https:\/\/www.elstemporers.com\/es\/entorno-rural\/tierras-del-ebro-2\/"]}]},{"@type":"BreadcrumbList","@id":"https:\/\/www.elstemporers.com\/es\/entorno-rural\/tierras-del-ebro-2\/#breadcrumb","itemListElement":[{"@type":"ListItem","position":1,"name":"Portada","item":"https:\/\/www.elstemporers.com\/es\/"},{"@type":"ListItem","position":2,"name":"Entorno Rural","item":"https:\/\/www.elstemporers.com\/es\/entorno-rural\/"},{"@type":"ListItem","position":3,"name":"Tierras del Ebro"}]},{"@type":"WebSite","@id":"https:\/\/www.elstemporers.com\/es\/#website","url":"https:\/\/www.elstemporers.com\/es\/","name":"Els temporers","description":"Apartaments Rurals Terra Alta Corbera d&#039;Ebre","potentialAction":[{"@type":"SearchAction","target":{"@type":"EntryPoint","urlTemplate":"https:\/\/www.elstemporers.com\/es\/?s={search_term_string}"},"query-input":"required name=search_term_string"}],"inLanguage":"es"}]}},"_links":{"self":[{"href":"https:\/\/www.elstemporers.com\/es\/wp-json\/wp\/v2\/pages\/1847"}],"collection":[{"href":"https:\/\/www.elstemporers.com\/es\/wp-json\/wp\/v2\/pages"}],"about":[{"href":"https:\/\/www.elstemporers.com\/es\/wp-json\/wp\/v2\/types\/page"}],"author":[{"embeddable":true,"href":"https:\/\/www.elstemporers.com\/es\/wp-json\/wp\/v2\/users\/1"}],"replies":[{"embeddable":true,"href":"https:\/\/www.elstemporers.com\/es\/wp-json\/wp\/v2\/comments?post=1847"}],"version-history":[{"count":2,"href":"https:\/\/www.elstemporers.com\/es\/wp-json\/wp\/v2\/pages\/1847\/revisions"}],"predecessor-version":[{"id":2441,"href":"https:\/\/www.elstemporers.com\/es\/wp-json\/wp\/v2\/pages\/1847\/revisions\/2441"}],"up":[{"embeddable":true,"href":"https:\/\/www.elstemporers.com\/es\/wp-json\/wp\/v2\/pages\/1817"}],"wp:attachment":[{"href":"https:\/\/www.elstemporers.com\/es\/wp-json\/wp\/v2\/media?parent=1847"}],"curies":[{"name":"wp","href":"https:\/\/api.w.org\/{rel}","templated":true}]}}