{"id":1850,"date":"2019-05-13T14:51:34","date_gmt":"2019-05-13T14:51:34","guid":{"rendered":"http:\/\/www.elstemporers.com\/?page_id=1850"},"modified":"2020-04-14T16:02:36","modified_gmt":"2020-04-14T16:02:36","slug":"via-verde-terra-alta","status":"publish","type":"page","link":"https:\/\/www.elstemporers.com\/es\/que-hacer\/via-verde-terra-alta\/","title":{"rendered":"V\u00eda Verde"},"content":{"rendered":"\n\t<section class=\"section has-parallax\" id=\"section_1450949178\">\n\t\t<div class=\"bg section-bg fill bg-fill  \" data-parallax-container=\".section\" data-parallax-background data-parallax=\"-7\">\n\n\t\t\t\n\t\t\t<div class=\"section-bg-overlay absolute fill\"><\/div>\n\t\t\t\n\n\t\t<\/div>\n\n\t\t\n\n\t\t<div class=\"section-content relative\">\n\t\t\t\n\n<div class=\"row align-middle align-center\"  id=\"row-1452532733\">\n\n\n\t<div id=\"col-228960878\" class=\"col medium-10 small-12 large-10\"  >\n\t\t\t\t<div class=\"col-inner text-center text-shadow-2 dark\"  >\n\t\t\t\n\t\t\t\n\n<h1 class=\"uppercase\"><span style=\"font-size: 115%;\">V\u00cdA VERDE DE LA TERRA ALTA<\/p>\n<p><\/span><\/h1>\n\n\t\t<\/div>\n\t\t\t\t\t<\/div>\n\n\t\n\n\n<style>\n#row-1452532733 > .col > .col-inner {\n  padding: 50px 0px 0px 0px;\n}\n<\/style>\n<\/div>\n\n\t\t<\/div>\n\n\t\t\n<style>\n#section_1450949178 {\n  padding-top: 60px;\n  padding-bottom: 60px;\n  min-height: 300px;\n  background-color: #7A9C59;\n}\n#section_1450949178 .section-bg-overlay {\n  background-color: rgba(122, 156, 89, 0.48);\n}\n#section_1450949178 .section-bg.bg-loaded {\n  background-image: url(https:\/\/www.elstemporers.com\/wp-content\/uploads\/via-verda.jpg);\n}\n#section_1450949178 .section-bg {\n  background-position: 0% 23%;\n}\n<\/style>\n\t<\/section>\n\t\n<div class=\"row\"  id=\"row-183997794\">\n\n\n\t<div id=\"col-1674076421\" class=\"col small-12 large-12\"  >\n\t\t\t\t<div class=\"col-inner\"  >\n\t\t\t\n\t\t\t\n\n<p><span style=\"font-size: 110%;\">Hacer la <strong>V\u00eda Verde<\/strong> es una de las actividades m\u00e1s atractivas y conocidas de la comarca. Se trata de recorrer en bicicleta (o veh\u00edculo no motorizado) el antiguo trazado de la v\u00eda de tren que un\u00eda Arag\u00f3n con Catalu\u00f1a, condicionado hoy como itinerario tur\u00edstico y de natura. Tambi\u00e9n es conocida como \u201cV\u00eda Verde de la Val de Zaf\u00e1n\u201d.<\/span><\/p>\n<p><span style=\"font-size: 110%;\">Es un recorrido f\u00e1cil de hacer, apto para todo el mundo, para disfrutar toda la familia.<\/span><\/p>\n<p><span style=\"font-size: 110%;\">En ella atravesar\u00e9is r\u00edos, valles y monta\u00f1as por puentes, acueductos y t\u00faneles, respirar\u00e9is aire fresco, descubrir\u00e9is las antiguas estaciones de tren o podr\u00e9is refrescaros en un balneario natural c\u00f3mo es La Fontcalda (en Gandesa).<\/span><\/p>\n<p><span style=\"font-size: 110%;\">Pod\u00e9is traer vuestra propia bicicleta o alquilar una si quer\u00e9is. Hay varias empresas que dan este servicio. Tambi\u00e9n pod\u00e9is hacer el trazado en un sentido y que la misma <a href=\"https:\/\/www.elstemporers.com\/es\/colaboradores-apartaments-els-temporers\/\">empresa de alquiler de bicicletas<\/a> (le alquil\u00e9is a ellos la bicicleta o no) os recoja y os remonte, a vosotros y las bicicletas, as\u00ed pod\u00e9is recorrer m\u00e1s kil\u00f3metros y disfrutar de m\u00e1s paisajes.<\/span><\/p>\n\n\t\t<\/div>\n\t\t\t\t\t<\/div>\n\n\t\n\n<\/div>\n<div class=\"row row-collapse row-full-width\"  id=\"row-5831568\">\n\n\n\t<div id=\"col-1551945808\" class=\"col large-12\"  >\n\t\t\t\t<div class=\"col-inner\"  >\n\t\t\t\n\t\t\t\n\n\t<div class=\"img has-hover x md-x lg-x y md-y lg-y\" id=\"image_301502340\">\n\t\t\t\t\t\t\t\t<div class=\"img-inner image-cover dark\" style=\"padding-top:597px;\">\n\t\t\t<img loading=\"lazy\" decoding=\"async\" width=\"800\" height=\"600\" src=\"https:\/\/www.elstemporers.com\/wp-content\/uploads\/viaverda.jpg\" class=\"attachment-large size-large\" alt=\"\" srcset=\"https:\/\/www.elstemporers.com\/wp-content\/uploads\/viaverda.jpg 800w, https:\/\/www.elstemporers.com\/wp-content\/uploads\/viaverda-300x225.jpg 300w, https:\/\/www.elstemporers.com\/wp-content\/uploads\/viaverda-768x576.jpg 768w\" sizes=\"(max-width: 800px) 100vw, 800px\" \/>\t\t\t\t\t\t\n\t\t\t\t\t<\/div>\n\t\t\t\t\t\t\t\t\n<style>\n#image_301502340 {\n  width: 100%;\n}\n<\/style>\n\t<\/div>\n\t\n\n\n\t\t<\/div>\n\t\t\t\t\t<\/div>\n\n\t\n\n<\/div>\n\t<div id=\"gap-1397315834\" class=\"gap-element clearfix\" style=\"display:block; height:auto;\">\n\t\t\n<style>\n#gap-1397315834 {\n  padding-top: 50px;\n}\n<\/style>\n\t<\/div>\n\t\n\n<div class=\"row\"  id=\"row-1373314325\">\n\n\n\t<div id=\"col-1483318157\" class=\"col medium-6 small-12 large-6\"  >\n\t\t\t\t<div class=\"col-inner\"  >\n\t\t\t\n\t\t\t\n\n<p><span style=\"font-size: 110%;\">La V\u00eda Verde de la Terra Alta tiene un recorrido de 23 km, pasando por Arnes-Lled\u00f3, Horta de Sant Joan, Bot, Prat de Comte, el balneario de La Fontcalda y El Pinell de Brai.<\/span><\/p>\n<p><span style=\"font-size: 110%;\">Si queremos continuar, el tramo contin\u00faa 26 km m\u00e1s, con la V\u00eda Verde del Baix Ebre, a trav\u00e9s del cual podr\u00edamos llegar hasta Tortosa.<\/span><\/p>\n<p><span style=\"font-size: 110%;\">Una bonita experiencia es salir de la zona de Arnes u <a href=\"https:\/\/www.elstemporers.com\/es\/entorno-rural\/horta-de-san-juan\/\">Horta de Sant Joan<\/a>, hacer parada a mediod\u00eda a La Fontcalda (es parada obligatoria para disfrutar de este espacio natural con aguas termales y un paisaje m\u00e1gico) y continuar hasta Pinell de Brai o Benifallet, donde nos encontraremos con lo r\u00ede Ebro (es un momento espectacular).<\/span><\/p>\n\n\t\t<\/div>\n\t\t\t\t\t<\/div>\n\n\t\n\n\t<div id=\"col-1857168745\" class=\"col medium-6 small-12 large-6\"  >\n\t\t\t\t<div class=\"col-inner\"  >\n\t\t\t\n\t\t\t\n\n<p><span style=\"font-size: 110%;\">Tambi\u00e9n se puede hacer de forma inversa, desde la zona de Pinell de Brai y Prat de Comte hacia Horta de Sant Joan. En este caso s\u00ed que es algo m\u00e1s duro ya que hace ligera y constante subida.<\/span><\/p>\n<p><span style=\"font-size: 110%;\">Os recomendamos salir preparados y con todo lo que pod\u00e1is necesitar: agua, comida. No te olvides el frontal! esto es importante&#8230; porque pasar\u00e9is por t\u00faneles, como si fuerais un tren, y hay algunos que tienen m\u00e1s de 1 km!<\/span><\/p>\n<p><span style=\"font-size: 110%;\">Pod\u00e9is encontrar toda la informaci\u00f3n de los tramos, ficha t\u00e9cnica, distancias, mapas, etc. al <a href=\"http:\/\/www.viasverdes.com\/itinerarios\/itinerario.asp?id=99\" target=\"_blank\" rel=\"noopener noreferrer\">web oficial de las V\u00edas Verdes<\/a>.<\/span><\/p>\n<p><span style=\"font-size: 110%;\">O tambi\u00e9n en el <a href=\"http:\/\/www.terra-alta.org\/index.php\/es\/128-categoria-es\/descobreix-es\/via-verda-es\" target=\"_blank\" rel=\"noopener noreferrer\">web de Turismo de la Terra Alta<\/a>, donde pod\u00e9is descargar muchos materiales \u00fatiles por el recorrido.<\/span><\/p>\n\n\t\t<\/div>\n\t\t\t\t\t<\/div>\n\n\t\n\n<\/div>\n\n\n\n<p>Descubre la <a href=\"https:\/\/www.elstemporers.com\/es\/entorno-rural\/la-terra-alta-2\/\">Terra Alta<\/a>: <a href=\"https:\/\/www.elstemporers.com\/es\/que-hacer\/via-verde\/\">Via Verde<\/a>, la <a href=\"https:\/\/www.elstemporers.com\/es\/que-hacer\/red-ciclista\/\">xarxa ciclista<\/a>, los <a href=\"https:\/\/www.elstemporers.com\/es\/que-hacer\/espacios-de-la-batalla-del-ebro\/\">Espacios de Batalla del Ebro<\/a>, camina por <a href=\"https:\/\/www.elstemporers.com\/es\/que-hacer\/parque-natural-de-els-ports-dhorta\/\">Els Ports<\/a> o prueba los <a href=\"https:\/\/www.elstemporers.com\/es\/que-hacer\/la-garnacha-y-los-vinos-do-terra-alta\/\">vinos<\/a> y aceites de la comarca con esta oferta escapada rural julio en la <a rel=\"noreferrer noopener\" href=\"http:\/\/terra-alta.org\/?lang=es\" target=\"_blank\">Terra Alta<\/a>.<\/p>\n","protected":false},"excerpt":{"rendered":"<p>Descubre la Terra Alta: Via Verde, la xarxa ciclista, los Espacios de Batalla del Ebro, camina por Els Ports o prueba los vinos y aceites de la comarca con esta oferta escapada rural julio en la Terra Alta.<\/p>\n","protected":false},"author":1,"featured_media":0,"parent":1837,"menu_order":0,"comment_status":"closed","ping_status":"closed","template":"page-right-sidebar.php","meta":{"footnotes":""},"yoast_head":"<!-- This site is optimized with the Yoast SEO plugin v21.7 - https:\/\/yoast.com\/wordpress\/plugins\/seo\/ -->\n<title>V\u00eda Verde - Els temporers<\/title>\n<meta name=\"description\" content=\"Hacer la V\u00eda Verde es una de las actividades m\u00e1s atractivas de la Terra Alta. V\u00eda de tren que un\u00eda Arag\u00f3n con Catalu\u00f1a V\u00eda Verde de la Val de Zaf\u00e1n\u201d.\" \/>\n<meta name=\"robots\" content=\"index, follow, max-snippet:-1, max-image-preview:large, max-video-preview:-1\" \/>\n<link rel=\"canonical\" href=\"https:\/\/www.elstemporers.com\/es\/que-hacer\/via-verde-terra-alta\/\" \/>\n<meta property=\"og:locale\" content=\"es_ES\" \/>\n<meta property=\"og:type\" content=\"article\" \/>\n<meta property=\"og:title\" content=\"V\u00eda Verde - Els temporers\" \/>\n<meta property=\"og:description\" content=\"Hacer la V\u00eda Verde es una de las actividades m\u00e1s atractivas de la Terra Alta. V\u00eda de tren que un\u00eda Arag\u00f3n con Catalu\u00f1a V\u00eda Verde de la Val de Zaf\u00e1n\u201d.\" \/>\n<meta property=\"og:url\" content=\"https:\/\/www.elstemporers.com\/es\/que-hacer\/via-verde-terra-alta\/\" \/>\n<meta property=\"og:site_name\" content=\"Els temporers\" \/>\n<meta property=\"article:modified_time\" content=\"2020-04-14T16:02:36+00:00\" \/>\n<meta name=\"twitter:card\" content=\"summary_large_image\" \/>\n<meta name=\"twitter:label1\" content=\"Tiempo de lectura\" \/>\n\t<meta name=\"twitter:data1\" content=\"3 minutos\" \/>\n<script type=\"application\/ld+json\" class=\"yoast-schema-graph\">{\"@context\":\"https:\/\/schema.org\",\"@graph\":[{\"@type\":\"WebPage\",\"@id\":\"https:\/\/www.elstemporers.com\/es\/que-hacer\/via-verde-terra-alta\/\",\"url\":\"https:\/\/www.elstemporers.com\/es\/que-hacer\/via-verde-terra-alta\/\",\"name\":\"V\u00eda Verde - Els temporers\",\"isPartOf\":{\"@id\":\"https:\/\/www.elstemporers.com\/es\/#website\"},\"datePublished\":\"2019-05-13T14:51:34+00:00\",\"dateModified\":\"2020-04-14T16:02:36+00:00\",\"description\":\"Hacer la V\u00eda Verde es una de las actividades m\u00e1s atractivas de la Terra Alta. V\u00eda de tren que un\u00eda Arag\u00f3n con Catalu\u00f1a V\u00eda Verde de la Val de Zaf\u00e1n\u201d.\",\"breadcrumb\":{\"@id\":\"https:\/\/www.elstemporers.com\/es\/que-hacer\/via-verde-terra-alta\/#breadcrumb\"},\"inLanguage\":\"es\",\"potentialAction\":[{\"@type\":\"ReadAction\",\"target\":[\"https:\/\/www.elstemporers.com\/es\/que-hacer\/via-verde-terra-alta\/\"]}]},{\"@type\":\"BreadcrumbList\",\"@id\":\"https:\/\/www.elstemporers.com\/es\/que-hacer\/via-verde-terra-alta\/#breadcrumb\",\"itemListElement\":[{\"@type\":\"ListItem\",\"position\":1,\"name\":\"Portada\",\"item\":\"https:\/\/www.elstemporers.com\/es\/\"},{\"@type\":\"ListItem\",\"position\":2,\"name\":\"Qu\u00e9 hacer\",\"item\":\"https:\/\/www.elstemporers.com\/es\/que-hacer\/\"},{\"@type\":\"ListItem\",\"position\":3,\"name\":\"V\u00eda Verde\"}]},{\"@type\":\"WebSite\",\"@id\":\"https:\/\/www.elstemporers.com\/es\/#website\",\"url\":\"https:\/\/www.elstemporers.com\/es\/\",\"name\":\"Els temporers\",\"description\":\"Apartaments Rurals Terra Alta Corbera d&#039;Ebre\",\"potentialAction\":[{\"@type\":\"SearchAction\",\"target\":{\"@type\":\"EntryPoint\",\"urlTemplate\":\"https:\/\/www.elstemporers.com\/es\/?s={search_term_string}\"},\"query-input\":\"required name=search_term_string\"}],\"inLanguage\":\"es\"}]}<\/script>\n<!-- \/ Yoast SEO plugin. -->","yoast_head_json":{"title":"V\u00eda Verde - Els temporers","description":"Hacer la V\u00eda Verde es una de las actividades m\u00e1s atractivas de la Terra Alta. V\u00eda de tren que un\u00eda Arag\u00f3n con Catalu\u00f1a V\u00eda Verde de la Val de Zaf\u00e1n\u201d.","robots":{"index":"index","follow":"follow","max-snippet":"max-snippet:-1","max-image-preview":"max-image-preview:large","max-video-preview":"max-video-preview:-1"},"canonical":"https:\/\/www.elstemporers.com\/es\/que-hacer\/via-verde-terra-alta\/","og_locale":"es_ES","og_type":"article","og_title":"V\u00eda Verde - Els temporers","og_description":"Hacer la V\u00eda Verde es una de las actividades m\u00e1s atractivas de la Terra Alta. V\u00eda de tren que un\u00eda Arag\u00f3n con Catalu\u00f1a V\u00eda Verde de la Val de Zaf\u00e1n\u201d.","og_url":"https:\/\/www.elstemporers.com\/es\/que-hacer\/via-verde-terra-alta\/","og_site_name":"Els temporers","article_modified_time":"2020-04-14T16:02:36+00:00","twitter_card":"summary_large_image","twitter_misc":{"Tiempo de lectura":"3 minutos"},"schema":{"@context":"https:\/\/schema.org","@graph":[{"@type":"WebPage","@id":"https:\/\/www.elstemporers.com\/es\/que-hacer\/via-verde-terra-alta\/","url":"https:\/\/www.elstemporers.com\/es\/que-hacer\/via-verde-terra-alta\/","name":"V\u00eda Verde - Els temporers","isPartOf":{"@id":"https:\/\/www.elstemporers.com\/es\/#website"},"datePublished":"2019-05-13T14:51:34+00:00","dateModified":"2020-04-14T16:02:36+00:00","description":"Hacer la V\u00eda Verde es una de las actividades m\u00e1s atractivas de la Terra Alta. V\u00eda de tren que un\u00eda Arag\u00f3n con Catalu\u00f1a V\u00eda Verde de la Val de Zaf\u00e1n\u201d.","breadcrumb":{"@id":"https:\/\/www.elstemporers.com\/es\/que-hacer\/via-verde-terra-alta\/#breadcrumb"},"inLanguage":"es","potentialAction":[{"@type":"ReadAction","target":["https:\/\/www.elstemporers.com\/es\/que-hacer\/via-verde-terra-alta\/"]}]},{"@type":"BreadcrumbList","@id":"https:\/\/www.elstemporers.com\/es\/que-hacer\/via-verde-terra-alta\/#breadcrumb","itemListElement":[{"@type":"ListItem","position":1,"name":"Portada","item":"https:\/\/www.elstemporers.com\/es\/"},{"@type":"ListItem","position":2,"name":"Qu\u00e9 hacer","item":"https:\/\/www.elstemporers.com\/es\/que-hacer\/"},{"@type":"ListItem","position":3,"name":"V\u00eda Verde"}]},{"@type":"WebSite","@id":"https:\/\/www.elstemporers.com\/es\/#website","url":"https:\/\/www.elstemporers.com\/es\/","name":"Els temporers","description":"Apartaments Rurals Terra Alta Corbera d&#039;Ebre","potentialAction":[{"@type":"SearchAction","target":{"@type":"EntryPoint","urlTemplate":"https:\/\/www.elstemporers.com\/es\/?s={search_term_string}"},"query-input":"required name=search_term_string"}],"inLanguage":"es"}]}},"_links":{"self":[{"href":"https:\/\/www.elstemporers.com\/es\/wp-json\/wp\/v2\/pages\/1850"}],"collection":[{"href":"https:\/\/www.elstemporers.com\/es\/wp-json\/wp\/v2\/pages"}],"about":[{"href":"https:\/\/www.elstemporers.com\/es\/wp-json\/wp\/v2\/types\/page"}],"author":[{"embeddable":true,"href":"https:\/\/www.elstemporers.com\/es\/wp-json\/wp\/v2\/users\/1"}],"replies":[{"embeddable":true,"href":"https:\/\/www.elstemporers.com\/es\/wp-json\/wp\/v2\/comments?post=1850"}],"version-history":[{"count":4,"href":"https:\/\/www.elstemporers.com\/es\/wp-json\/wp\/v2\/pages\/1850\/revisions"}],"predecessor-version":[{"id":2479,"href":"https:\/\/www.elstemporers.com\/es\/wp-json\/wp\/v2\/pages\/1850\/revisions\/2479"}],"up":[{"embeddable":true,"href":"https:\/\/www.elstemporers.com\/es\/wp-json\/wp\/v2\/pages\/1837"}],"wp:attachment":[{"href":"https:\/\/www.elstemporers.com\/es\/wp-json\/wp\/v2\/media?parent=1850"}],"curies":[{"name":"wp","href":"https:\/\/api.w.org\/{rel}","templated":true}]}}